{"id":28,"date":"2025-05-05T07:14:27","date_gmt":"2025-05-05T07:14:27","guid":{"rendered":"https:\/\/litex.no\/?page_id=28"},"modified":"2026-02-19T11:37:52","modified_gmt":"2026-02-19T11:37:52","slug":"finn-forhandler","status":"publish","type":"page","link":"https:\/\/litex.no\/se\/finn-forhandler\/","title":{"rendered":"\u00c5terf\u00f6rs\u00e4ljare"},"content":{"rendered":"\n\t\t<div class=\"dekode-lib__hero-lx alignfull is-post-type-page has-dark-theme has-breadcrumbs has-background-image wp-block-dekode-library-hero-lx\">\n\t\t\t<div class=\"dekode-lib__hero-lx--wrapper\">\n\t\t\t<div class=\"dekode-lib__hero-lx--background\">\n\t\t\t\t<figure class=\"dekode-lib__hero-lx--background-image-wrapper\">\n\t\t\t\t\t<img decoding=\"async\" width=\"2560\" height=\"1707\" src=\"https:\/\/litex.no\/content\/uploads\/sites\/5\/2025\/05\/fa5424392dbc95711be287aebf0cf078b31888ef-scaled.jpg\" class=\"dekode-lib__hero-lx--background-image\" alt=\"\" loading=\"lazy\" srcset=\"https:\/\/litex.no\/content\/uploads\/sites\/5\/2025\/05\/fa5424392dbc95711be287aebf0cf078b31888ef-scaled.jpg 2560w, https:\/\/litex.no\/content\/uploads\/sites\/5\/2025\/05\/fa5424392dbc95711be287aebf0cf078b31888ef-300x200.jpg 300w, https:\/\/litex.no\/content\/uploads\/sites\/5\/2025\/05\/fa5424392dbc95711be287aebf0cf078b31888ef-1024x683.jpg 1024w, https:\/\/litex.no\/content\/uploads\/sites\/5\/2025\/05\/fa5424392dbc95711be287aebf0cf078b31888ef-768x512.jpg 768w, https:\/\/litex.no\/content\/uploads\/sites\/5\/2025\/05\/fa5424392dbc95711be287aebf0cf078b31888ef-1536x1024.jpg 1536w, https:\/\/litex.no\/content\/uploads\/sites\/5\/2025\/05\/fa5424392dbc95711be287aebf0cf078b31888ef-2048x1365.jpg 2048w\" sizes=\"auto, (max-width: 2560px) 100vw, 2560px\" \/>\n\t\t\t\t<\/figure>\n\t\t\t<\/div>\n\t\t\t<div class=\"dekode-lib__hero-lx--main\">\n\t\t\t\t<div class=\"dekode-lib__hero-lx--breadcrumbs\"><div class=\"yoast-breadcrumbs\"><span><span><a href=\"https:\/\/litex.no\/se\/\">Hjem<\/a><\/span> \/ <span class=\"breadcrumb_last\" aria-current=\"page\">\u00c5terf\u00f6rs\u00e4ljare<\/span><\/span><\/div><\/div>\n\t\t\t\t<div class=\"dekode-lib__hero-lx--content wp-block-group alignwide is-layout-flow wp-block-group-is-layout-flow\">\n\t\t\t\t\t\n<h1 class=\"wp-block-post-title\">\u00c5terf\u00f6rs\u00e4ljare<\/h1>\n\n\n<p>Litex v\u00e5trumssystem s\u00e4ljs hos de flesta bygghandlare samt i vissa VVS- och kakelbutiker.<\/p>\n\n\n\n<div class=\"wp-block-buttons is-layout-flex wp-block-buttons-is-layout-flex\">\n<div class=\"wp-block-button has-icon has-icon-search\"><a class=\"wp-block-button__link wp-element-button\" href=\"https:\/\/litex.no\/samarbeidspartnere\/\"><svg xmlns=\"http:\/\/www.w3.org\/2000\/svg\" viewBox=\"0 0 24 24\" height=\"24\" width=\"24\" class=\"t2-icon t2-icon-search\" aria-hidden=\"true\" focusable=\"false\"><path fill=\"transparent\" stroke=\"currentColor\" stroke-linecap=\"round\" stroke-linejoin=\"round\" stroke-width=\"1.5\" d=\"M11 19a8 8 0 1 0 0-16 8 8 0 0 0 0 16ZM21 21l-4.35-4.35\"\/><\/svg>Se v\u00e5ra \u00e5terf\u00f6rs\u00e4ljare<\/a><\/div>\n\n\n\n<div class=\"wp-block-button has-icon has-icon-mail\"><a class=\"wp-block-button__link wp-element-button\" href=\"https:\/\/litex.no\/kontakt-oss\/\"><svg xmlns=\"http:\/\/www.w3.org\/2000\/svg\" viewBox=\"0 0 24 24\" height=\"24\" width=\"24\" class=\"t2-icon t2-icon-mail\" aria-hidden=\"true\" focusable=\"false\"><path fill=\"currentColor\" fill-rule=\"evenodd\" d=\"M4 4.563c-.794 0-1.438.643-1.438 1.437v12c0 .794.644 1.438 1.438 1.438h16c.794 0 1.438-.644 1.438-1.438V6c0-.794-.644-1.438-1.438-1.438H4ZM1.437 6A2.562 2.562 0 0 1 4 3.437h16A2.563 2.563 0 0 1 22.563 6v12A2.563 2.563 0 0 1 20 20.563H4A2.563 2.563 0 0 1 1.437 18V6Z\" clip-rule=\"evenodd\"\/><path fill=\"currentColor\" fill-rule=\"evenodd\" d=\"M1.525 6.698a.563.563 0 0 1 .777-.173l8.968 5.7a1.377 1.377 0 0 0 1.46 0l.001-.002 8.967-5.698a.562.562 0 1 1 .604.95l-8.973 5.702a2.502 2.502 0 0 1-2.658 0l-.003-.002-8.97-5.7a.562.562 0 0 1-.173-.777Z\" clip-rule=\"evenodd\"\/><\/svg>Kom i kontakt<\/a><\/div>\n<\/div>\n\n\n\t\t\t\t<\/div>\n\t\t\t<\/div>\n\t\t\t<div class=\"dekode-lib__hero-lx--featured-image\"><\/div>\n\t\t\t<\/div>\n\t\t<\/div>\n\n<div class=\"t2-featured-content-layout alignwide alignwide wp-block-t2-featured-content-layout\" role=\"list\">\n<div class=\"t2-featured-query-post t2-featured-content is-post-type-litex-dealers wp-block-t2-featured-query-post t2-featured-content-layout-col-6\" role=\"listitem\">\n\t\t<div class=\"t2-dealer-card wp-block-t2-wrapper\">\n<figure style=\"--t2-focal-point: 50% 50%;\" class=\"t2-post-featured-image has-image-ratio-16-9 wp-block-t2-post-featured-image\"><img loading=\"lazy\" decoding=\"async\" width=\"150\" height=\"75\" src=\"https:\/\/litex.no\/content\/uploads\/sites\/5\/2025\/10\/kakeldesign_web3-mobile-logo.png\" class=\"attachment-post-thumbnail size-post-thumbnail wp-post-image\" alt=\"\" \/><\/figure>\n\n\n\t\t<div class=\"t2-dealer-card__content wp-block-t2-wrapper\">\n<h3 class=\"t2-post-title wp-block-t2-post-title\">KakelDesign<\/h3>\n<div class=\"t2-post-dynamic-part is-source-filter filter-dealer_more_link wp-block-t2-post-dynamic-part\"><div class=\"fetured-card--read-more card-link wp-block-button is-style-link has-icon has-icon-arrow_right has-iconposition-left\"><a href=\"https:\/\/kakeldesign.se\/\" class=\"wp-block-button__link wp-element-button\">Bes\u00f8k nettside<\/a><\/div><\/div>\n<\/div>\n\n<\/div>\n<\/div>\n\n<div class=\"t2-featured-query-post t2-featured-content is-post-type-litex-dealers wp-block-t2-featured-query-post t2-featured-content-layout-col-6\" role=\"listitem\">\n\t\t<div class=\"t2-dealer-card wp-block-t2-wrapper\">\n<figure style=\"--t2-focal-point: 50% 50%;\" class=\"t2-post-featured-image has-image-ratio-16-9 wp-block-t2-post-featured-image\"><img loading=\"lazy\" decoding=\"async\" width=\"250\" height=\"90\" src=\"https:\/\/litex.no\/content\/uploads\/sites\/5\/2025\/10\/interkakel-logo20090.png\" class=\"attachment-post-thumbnail size-post-thumbnail wp-post-image\" alt=\"\" \/><\/figure>\n\n\n\t\t<div class=\"t2-dealer-card__content wp-block-t2-wrapper\">\n<h3 class=\"t2-post-title wp-block-t2-post-title\">Interkakel<\/h3>\n<div class=\"t2-post-dynamic-part is-source-filter filter-dealer_more_link wp-block-t2-post-dynamic-part\"><div class=\"fetured-card--read-more card-link wp-block-button is-style-link has-icon has-icon-arrow_right has-iconposition-left\"><a href=\"https:\/\/www.interkakel.com\/pulver-tatskikt\/tatskikt?pti_varumarke=LITEX-or-\" class=\"wp-block-button__link wp-element-button\">Bes\u00f8k nettside<\/a><\/div><\/div>\n<\/div>\n\n<\/div>\n<\/div>\n\n<div class=\"t2-featured-query-post t2-featured-content is-post-type-litex-dealers wp-block-t2-featured-query-post t2-featured-content-layout-col-6\" role=\"listitem\">\n\t\t<div class=\"t2-dealer-card wp-block-t2-wrapper\">\n<figure style=\"--t2-focal-point: 50% 50%;\" class=\"t2-post-featured-image has-image-ratio-16-9 wp-block-t2-post-featured-image\"><img loading=\"lazy\" decoding=\"async\" width=\"994\" height=\"266\" src=\"https:\/\/litex.no\/content\/uploads\/sites\/5\/2025\/10\/221504537-origpic-9e5352-1.png\" class=\"attachment-post-thumbnail size-post-thumbnail wp-post-image\" alt=\"\" srcset=\"https:\/\/litex.no\/content\/uploads\/sites\/5\/2025\/10\/221504537-origpic-9e5352-1.png 994w, https:\/\/litex.no\/content\/uploads\/sites\/5\/2025\/10\/221504537-origpic-9e5352-1-300x80.png 300w, https:\/\/litex.no\/content\/uploads\/sites\/5\/2025\/10\/221504537-origpic-9e5352-1-768x206.png 768w\" sizes=\"auto, (max-width: 994px) 100vw, 994px\" \/><\/figure>\n\n\n\t\t<div class=\"t2-dealer-card__content wp-block-t2-wrapper\">\n<h3 class=\"t2-post-title wp-block-t2-post-title\">Ahlsell<\/h3>\n<div class=\"t2-post-dynamic-part is-source-filter filter-dealer_more_link wp-block-t2-post-dynamic-part\"><div class=\"fetured-card--read-more card-link wp-block-button is-style-link has-icon has-icon-arrow_right has-iconposition-left\"><a href=\"https:\/\/www.ahlsell.se\/search?parameters.SearchPhrase=litex\" class=\"wp-block-button__link wp-element-button\">Bes\u00f8k nettside<\/a><\/div><\/div>\n<\/div>\n\n<\/div>\n<\/div>\n\n\n\n\n\n\n\n\n\n\n\n\n\n\n\n\n\n\n\n\n\n\n\n\n\n\n\n\n\n\n\n\n\n\n\n\n\n\n\n\n\n\n<\/div>\n\n\n\t\t<div class=\"t2-simple-media-text alignfull is-mode-constrained is-gap-center has-media-on-the-right wp-block-t2-simple-media-text\">\n\t\t\t<div class=\"t2-simple-media-text__container\">\n\t\t\t\t<figure class=\"t2-simple-media-text__image\"><img loading=\"lazy\" decoding=\"async\" width=\"333\" height=\"295\" src=\"https:\/\/litex.no\/content\/uploads\/sites\/5\/2025\/05\/6fb4aad4305ab5ee27560a23f8b4e00e173e9b49-1.png\" class=\"wp-image-87 size-medium_large attachment-medium_large\" alt=\"\" style=\"--focalpoint: 0% 4%;\" srcset=\"https:\/\/litex.no\/content\/uploads\/sites\/5\/2025\/05\/6fb4aad4305ab5ee27560a23f8b4e00e173e9b49-1.png 333w, https:\/\/litex.no\/content\/uploads\/sites\/5\/2025\/05\/6fb4aad4305ab5ee27560a23f8b4e00e173e9b49-1-300x266.png 300w\" sizes=\"auto, (max-width: 333px) 100vw, 333px\" \/><\/figure>\n\t\t\t\t<div class=\"t2-simple-media-text__content-container\">\n\t\t\t\t\t<div class=\"t2-simple-media-text__content\">\n\t\t\t\t\t\t<div class=\"t2-simple-media-text__content-inner is-layout-flow\">\n\t\t\t\t\t\t\t\n\n<h2 class=\"wp-block-heading\" id=\"h-bli-forhandler-av-litex\">Bli forhandler av Litex<\/h2>\n\n\n\n<p>Vil du tilby kvalitetsprodukter som kundene dine virkelig setter pris p\u00e5? Som forhandler hos oss f\u00e5r du tilgang til unike varer, gode innkj\u00f8psbetingelser og tett oppf\u00f8lging. Sammen kan vi skape vekst og bygge verdifulle kundeopplevelser.<\/p>\n\n\n\n<div class=\"wp-block-buttons is-layout-flex wp-block-buttons-is-layout-flex\">\n<div class=\"wp-block-button has-icon has-icon-arrow_right\"><a class=\"wp-block-button__link wp-element-button\" href=\"https:\/\/litex.no\/kontakt-oss\/\"><svg xmlns=\"http:\/\/www.w3.org\/2000\/svg\" viewBox=\"0 0 24 24\" height=\"24\" width=\"24\" class=\"t2-icon t2-icon-arrow_right\" aria-hidden=\"true\" focusable=\"false\"><path fill=\"currentColor\" fill-rule=\"evenodd\" d=\"M17.602 7.602c.22-.22.576-.22.796 0l4 4c.22.22.22.576 0 .796l-4 4a.562.562 0 1 1-.796-.796L21.204 12l-3.602-3.602a.562.562 0 0 1 0-.796Z\" clip-rule=\"evenodd\"\/><path fill=\"currentColor\" fill-rule=\"evenodd\" d=\"M1.438 12c0-.31.251-.563.562-.563h20a.562.562 0 1 1 0 1.126H2A.562.562 0 0 1 1.437 12Z\" clip-rule=\"evenodd\"\/><\/svg>Ta kontakt i dag og bli en del av v\u00e5rt forhandlernettverk!<\/a><\/div>\n<\/div>\n\n\n\t\t\t\t\t\t<\/div>\n\t\t\t\t\t<\/div>\n\t\t\t\t<\/div>\n\t\t\t<\/div>\n\t\t<\/div>\n\t\t\n\n\n<p><\/p>\n","protected":false},"excerpt":{"rendered":"","protected":false},"author":1,"featured_media":0,"parent":0,"menu_order":0,"comment_status":"closed","ping_status":"closed","template":"","meta":{"footnotes":""},"class_list":["post-28","page","type-page","status-publish","hentry"],"yoast_head":"<!-- This site is optimized with the Yoast SEO Premium plugin v26.2 (Yoast SEO v26.8) - https:\/\/yoast.com\/product\/yoast-seo-premium-wordpress\/ -->\n<title>\u00c5terf\u00f6rs\u00e4ljare - Litex swedish<\/title>\n<meta name=\"robots\" content=\"index, follow, max-snippet:-1, max-image-preview:large, max-video-preview:-1\" \/>\n<link rel=\"canonical\" href=\"https:\/\/litex.no\/se\/finn-forhandler\/\" \/>\n<meta property=\"og:locale\" content=\"nb_NO\" \/>\n<meta property=\"og:type\" content=\"article\" \/>\n<meta property=\"og:title\" content=\"\u00c5terf\u00f6rs\u00e4ljare\" \/>\n<meta property=\"og:url\" content=\"https:\/\/litex.no\/se\/finn-forhandler\/\" \/>\n<meta property=\"og:site_name\" content=\"Litex swedish\" \/>\n<meta property=\"article:modified_time\" content=\"2026-02-19T11:37:52+00:00\" \/>\n<meta property=\"og:image\" content=\"https:\/\/litex.no\/content\/uploads\/sites\/5\/2025\/10\/Logo-Litex-Simply-Smarter.png\" \/>\n\t<meta property=\"og:image:width\" content=\"329\" \/>\n\t<meta property=\"og:image:height\" content=\"185\" \/>\n\t<meta property=\"og:image:type\" content=\"image\/png\" \/>\n<meta name=\"twitter:card\" content=\"summary_large_image\" \/>\n<meta name=\"twitter:label1\" content=\"Ansl. lesetid\" \/>\n\t<meta name=\"twitter:data1\" content=\"1 minutt\" \/>\n<script type=\"application\/ld+json\" class=\"yoast-schema-graph\">{\"@context\":\"https:\/\/schema.org\",\"@graph\":[{\"@type\":\"WebPage\",\"@id\":\"https:\/\/litex.no\/se\/finn-forhandler\/\",\"url\":\"https:\/\/litex.no\/se\/finn-forhandler\/\",\"name\":\"\u00c5terf\u00f6rs\u00e4ljare - Litex swedish\",\"isPartOf\":{\"@id\":\"https:\/\/litex.no\/se\/#website\"},\"datePublished\":\"2025-05-05T07:14:27+00:00\",\"dateModified\":\"2026-02-19T11:37:52+00:00\",\"breadcrumb\":{\"@id\":\"https:\/\/litex.no\/se\/finn-forhandler\/#breadcrumb\"},\"inLanguage\":\"nb-NO\",\"potentialAction\":[{\"@type\":\"ReadAction\",\"target\":[\"https:\/\/litex.no\/se\/finn-forhandler\/\"]}]},{\"@type\":\"BreadcrumbList\",\"@id\":\"https:\/\/litex.no\/se\/finn-forhandler\/#breadcrumb\",\"itemListElement\":[{\"@type\":\"ListItem\",\"position\":1,\"name\":\"Hjem\",\"item\":\"https:\/\/litex.no\/se\/\"},{\"@type\":\"ListItem\",\"position\":2,\"name\":\"\u00c5terf\u00f6rs\u00e4ljare\"}]},{\"@type\":\"WebSite\",\"@id\":\"https:\/\/litex.no\/se\/#website\",\"url\":\"https:\/\/litex.no\/se\/\",\"name\":\"Litex\",\"description\":\"Simply smarter\",\"publisher\":{\"@id\":\"https:\/\/litex.no\/se\/#organization\"},\"potentialAction\":[{\"@type\":\"SearchAction\",\"target\":{\"@type\":\"EntryPoint\",\"urlTemplate\":\"https:\/\/litex.no\/se\/?s={search_term_string}\"},\"query-input\":{\"@type\":\"PropertyValueSpecification\",\"valueRequired\":true,\"valueName\":\"search_term_string\"}}],\"inLanguage\":\"nb-NO\"},{\"@type\":\"Organization\",\"@id\":\"https:\/\/litex.no\/se\/#organization\",\"name\":\"Litex\",\"url\":\"https:\/\/litex.no\/se\/\",\"logo\":{\"@type\":\"ImageObject\",\"inLanguage\":\"nb-NO\",\"@id\":\"https:\/\/litex.no\/se\/#\/schema\/logo\/image\/\",\"url\":\"https:\/\/litex.no\/content\/uploads\/sites\/5\/2025\/05\/litex-logo.svg\",\"contentUrl\":\"https:\/\/litex.no\/content\/uploads\/sites\/5\/2025\/05\/litex-logo.svg\",\"caption\":\"Litex\"},\"image\":{\"@id\":\"https:\/\/litex.no\/se\/#\/schema\/logo\/image\/\"}}]}<\/script>\n<!-- \/ Yoast SEO Premium plugin. -->","yoast_head_json":{"title":"\u00c5terf\u00f6rs\u00e4ljare - Litex swedish","robots":{"index":"index","follow":"follow","max-snippet":"max-snippet:-1","max-image-preview":"max-image-preview:large","max-video-preview":"max-video-preview:-1"},"canonical":"https:\/\/litex.no\/se\/finn-forhandler\/","og_locale":"nb_NO","og_type":"article","og_title":"\u00c5terf\u00f6rs\u00e4ljare","og_url":"https:\/\/litex.no\/se\/finn-forhandler\/","og_site_name":"Litex swedish","article_modified_time":"2026-02-19T11:37:52+00:00","og_image":[{"width":329,"height":185,"url":"https:\/\/litex.no\/content\/uploads\/sites\/5\/2025\/10\/Logo-Litex-Simply-Smarter.png","type":"image\/png"}],"twitter_card":"summary_large_image","twitter_misc":{"Ansl. lesetid":"1 minutt"},"schema":{"@context":"https:\/\/schema.org","@graph":[{"@type":"WebPage","@id":"https:\/\/litex.no\/se\/finn-forhandler\/","url":"https:\/\/litex.no\/se\/finn-forhandler\/","name":"\u00c5terf\u00f6rs\u00e4ljare - Litex swedish","isPartOf":{"@id":"https:\/\/litex.no\/se\/#website"},"datePublished":"2025-05-05T07:14:27+00:00","dateModified":"2026-02-19T11:37:52+00:00","breadcrumb":{"@id":"https:\/\/litex.no\/se\/finn-forhandler\/#breadcrumb"},"inLanguage":"nb-NO","potentialAction":[{"@type":"ReadAction","target":["https:\/\/litex.no\/se\/finn-forhandler\/"]}]},{"@type":"BreadcrumbList","@id":"https:\/\/litex.no\/se\/finn-forhandler\/#breadcrumb","itemListElement":[{"@type":"ListItem","position":1,"name":"Hjem","item":"https:\/\/litex.no\/se\/"},{"@type":"ListItem","position":2,"name":"\u00c5terf\u00f6rs\u00e4ljare"}]},{"@type":"WebSite","@id":"https:\/\/litex.no\/se\/#website","url":"https:\/\/litex.no\/se\/","name":"Litex","description":"Simply smarter","publisher":{"@id":"https:\/\/litex.no\/se\/#organization"},"potentialAction":[{"@type":"SearchAction","target":{"@type":"EntryPoint","urlTemplate":"https:\/\/litex.no\/se\/?s={search_term_string}"},"query-input":{"@type":"PropertyValueSpecification","valueRequired":true,"valueName":"search_term_string"}}],"inLanguage":"nb-NO"},{"@type":"Organization","@id":"https:\/\/litex.no\/se\/#organization","name":"Litex","url":"https:\/\/litex.no\/se\/","logo":{"@type":"ImageObject","inLanguage":"nb-NO","@id":"https:\/\/litex.no\/se\/#\/schema\/logo\/image\/","url":"https:\/\/litex.no\/content\/uploads\/sites\/5\/2025\/05\/litex-logo.svg","contentUrl":"https:\/\/litex.no\/content\/uploads\/sites\/5\/2025\/05\/litex-logo.svg","caption":"Litex"},"image":{"@id":"https:\/\/litex.no\/se\/#\/schema\/logo\/image\/"}}]}},"_links":{"self":[{"href":"https:\/\/litex.no\/se\/wp-json\/wp\/v2\/pages\/28","targetHints":{"allow":["GET"]}}],"collection":[{"href":"https:\/\/litex.no\/se\/wp-json\/wp\/v2\/pages"}],"about":[{"href":"https:\/\/litex.no\/se\/wp-json\/wp\/v2\/types\/page"}],"author":[{"embeddable":true,"href":"https:\/\/litex.no\/se\/wp-json\/wp\/v2\/users\/1"}],"replies":[{"embeddable":true,"href":"https:\/\/litex.no\/se\/wp-json\/wp\/v2\/comments?post=28"}],"version-history":[{"count":4,"href":"https:\/\/litex.no\/se\/wp-json\/wp\/v2\/pages\/28\/revisions"}],"predecessor-version":[{"id":1727,"href":"https:\/\/litex.no\/se\/wp-json\/wp\/v2\/pages\/28\/revisions\/1727"}],"wp:attachment":[{"href":"https:\/\/litex.no\/se\/wp-json\/wp\/v2\/media?parent=28"}],"curies":[{"name":"wp","href":"https:\/\/api.w.org\/{rel}","templated":true}]}}