{"id":17,"date":"2025-05-05T07:03:48","date_gmt":"2025-05-05T07:03:48","guid":{"rendered":"https:\/\/litex.no\/?page_id=17"},"modified":"2026-01-26T20:45:52","modified_gmt":"2026-01-26T20:45:52","slug":"om-oss","status":"publish","type":"page","link":"https:\/\/litex.no\/se\/om-oss\/","title":{"rendered":"Om Litex"},"content":{"rendered":"\n\t\t<div class=\"dekode-lib__hero-lx alignfull is-post-type-page has-dark-theme has-breadcrumbs has-background-image has-background-image has-background-image--featured wp-block-dekode-library-hero-lx\">\n\t\t\t<div class=\"dekode-lib__hero-lx--wrapper\">\n\t\t\t<div class=\"dekode-lib__hero-lx--background\">\n\t\t\t\t<figure class=\"dekode-lib__hero-lx--background-image-wrapper\">\n\t\t\t\t\t<img decoding=\"async\" width=\"684\" height=\"499\" src=\"https:\/\/litex.no\/content\/uploads\/sites\/5\/2025\/05\/284c5c31a0feccaeab405110ca2a0a68453bad07.jpg\" class=\"dekode-lib__hero-lx--background-image\" alt=\"\" loading=\"lazy\" srcset=\"https:\/\/litex.no\/content\/uploads\/sites\/5\/2025\/05\/284c5c31a0feccaeab405110ca2a0a68453bad07.jpg 684w, https:\/\/litex.no\/content\/uploads\/sites\/5\/2025\/05\/284c5c31a0feccaeab405110ca2a0a68453bad07-300x219.jpg 300w\" sizes=\"auto, (max-width: 684px) 100vw, 684px\" \/>\n\t\t\t\t<\/figure>\n\t\t\t<\/div>\n\t\t\t<div class=\"dekode-lib__hero-lx--main\">\n\t\t\t\t<div class=\"dekode-lib__hero-lx--breadcrumbs\"><div class=\"yoast-breadcrumbs\"><span><span><a href=\"https:\/\/litex.no\/se\/\">Hjem<\/a><\/span> \/ <span class=\"breadcrumb_last\" aria-current=\"page\">Om Litex<\/span><\/span><\/div><\/div>\n\t\t\t\t<div class=\"dekode-lib__hero-lx--content wp-block-group alignwide is-layout-flow wp-block-group-is-layout-flow\">\n\t\t\t\t\t\n<h1 class=\"wp-block-post-title\">Om Litex<\/h1>\n\n\n<p>Litex er en komplett leverand\u00f8r av membransystemer for bad og v\u00e5trom. Vi produserer Litex Sm\u00f8refrie Membran plater p\u00e5 fabrikken i Sandefjord, Norge. Velger du v\u00e5rt Litex Sm\u00f8refri Membranplate system, f\u00e5r du en ferdig komplett l\u00f8sning som realiserer baderommet ditt tryggere, raskere og mer l\u00f8nnsomt.<\/p>\n\n\n\n<div class=\"wp-block-buttons is-layout-flex wp-block-buttons-is-layout-flex\">\n<div class=\"wp-block-button is-style-default has-icon has-icon-arrow_right\"><a class=\"wp-block-button__link has-custom-color-7-color has-text-color has-link-color wp-element-button\"><svg xmlns=\"http:\/\/www.w3.org\/2000\/svg\" viewBox=\"0 0 24 24\" height=\"24\" width=\"24\" class=\"t2-icon t2-icon-arrow_right\" aria-hidden=\"true\" focusable=\"false\"><path fill=\"currentColor\" fill-rule=\"evenodd\" d=\"M17.602 7.602c.22-.22.576-.22.796 0l4 4c.22.22.22.576 0 .796l-4 4a.562.562 0 1 1-.796-.796L21.204 12l-3.602-3.602a.562.562 0 0 1 0-.796Z\" clip-rule=\"evenodd\"\/><path fill=\"currentColor\" fill-rule=\"evenodd\" d=\"M1.438 12c0-.31.251-.563.562-.563h20a.562.562 0 1 1 0 1.126H2A.562.562 0 0 1 1.437 12Z\" clip-rule=\"evenodd\"\/><\/svg>Med Litex sm\u00f8refrie membranplater bygger man veggene og har ferdig membran klar til flislegging vegg p\u00e5 et par timer. Med 25 \u00e5rs produktgaranti. En plate veier ikke mer enn ca 1,7 kg!<\/a><\/div>\n\n\n\n<div class=\"wp-block-button has-icon has-icon-arrow_right\"><a class=\"wp-block-button__link wp-element-button\"><svg xmlns=\"http:\/\/www.w3.org\/2000\/svg\" viewBox=\"0 0 24 24\" height=\"24\" width=\"24\" class=\"t2-icon t2-icon-arrow_right\" aria-hidden=\"true\" focusable=\"false\"><path fill=\"currentColor\" fill-rule=\"evenodd\" d=\"M17.602 7.602c.22-.22.576-.22.796 0l4 4c.22.22.22.576 0 .796l-4 4a.562.562 0 1 1-.796-.796L21.204 12l-3.602-3.602a.562.562 0 0 1 0-.796Z\" clip-rule=\"evenodd\"\/><path fill=\"currentColor\" fill-rule=\"evenodd\" d=\"M1.438 12c0-.31.251-.563.562-.563h20a.562.562 0 1 1 0 1.126H2A.562.562 0 0 1 1.437 12Z\" clip-rule=\"evenodd\"\/><\/svg> Du som bygger selv f\u00e5r en kortere periode uten bad <\/a><\/div>\n\n\n\n<div class=\"wp-block-button has-icon has-icon-arrow_right\"><a class=\"wp-block-button__link wp-element-button\"><svg xmlns=\"http:\/\/www.w3.org\/2000\/svg\" viewBox=\"0 0 24 24\" height=\"24\" width=\"24\" class=\"t2-icon t2-icon-arrow_right\" aria-hidden=\"true\" focusable=\"false\"><path fill=\"currentColor\" fill-rule=\"evenodd\" d=\"M17.602 7.602c.22-.22.576-.22.796 0l4 4c.22.22.22.576 0 .796l-4 4a.562.562 0 1 1-.796-.796L21.204 12l-3.602-3.602a.562.562 0 0 1 0-.796Z\" clip-rule=\"evenodd\"\/><path fill=\"currentColor\" fill-rule=\"evenodd\" d=\"M1.438 12c0-.31.251-.563.562-.563h20a.562.562 0 1 1 0 1.126H2A.562.562 0 0 1 1.437 12Z\" clip-rule=\"evenodd\"\/><\/svg>St\u00f8rre prosjekt realiseres p\u00e5 kortere tid<\/a><\/div>\n<\/div>\n\n\n\t\t\t\t<\/div>\n\t\t\t<\/div>\n\t\t\t<div class=\"dekode-lib__hero-lx--featured-image\"><\/div>\n\t\t\t<\/div>\n\t\t<\/div>\n\n\n<div class=\"wp-block-group alignwide has-global-padding is-layout-constrained wp-block-group-is-layout-constrained\">\n<div class=\"wp-block-columns alignwide is-layout-flex wp-container-core-columns-is-layout-28f84493 wp-block-columns-is-layout-flex\">\n<div class=\"wp-block-column is-layout-flow wp-block-column-is-layout-flow\">\n<h1 class=\"wp-block-heading\">Om Litex<\/h1>\n<\/div>\n\n\n\n<div class=\"wp-block-column is-layout-flow wp-block-column-is-layout-flow\">\n<p>Litex har siden etableringen i 2000 v\u00e6rt markedsledende innen membransystemer for v\u00e5trom. Litex er idag en komplett leverand\u00f8r av membransystemer for bad, samt v\u00e5tromsplater. De senere \u00e5r har vi lansert flere ulike <a href=\"https:\/\/litex.no\/membransystemer\/\" id=\"26\">membransystemer<\/a>, og vi tilbyr i dag trygge, raske og l\u00f8nnsomme l\u00f8sninger for alle underlag og byggem\u00e5ter.<\/p>\n\n\n\n<p>Vi har produksjon, kurslokaler og administrasjon i Sandefjord <a href=\"https:\/\/maps.app.goo.gl\/UH32TVy6nu7ZYeuV8\" id=\"https:\/\/maps.app.goo.gl\/UH32TVy6nu7ZYeuV8\">(finn oss her)<\/a>, samt et landsdekkende salgsapparat.<\/p>\n\n\n\n<p>Produktutvikling og testing har alltid v\u00e6rt viktig for Litex, og i dag selges 5. generasjon av Litex sm\u00f8refrie membranplate. <\/p>\n\n\n\n<p>Alle v\u00e5re produkter og systemer tilfredsstiller gjeldende tekniske krav, og er dokumentert iht. ETAG 022 og norske krav. Dessuten har alle Litex produkter enten teknisk godkjenning fra Sintef eller en ETA (European Technical Assessment). V\u00e5re produkter tilfredsstiller ogs\u00e5 krav i TEK-17.<\/p>\n\n\n\n<p>V\u00e5re produkter distribueres gjennom flis og VVS-kjeder samt ledende byggevarekjeder.<\/p>\n\n\n\n<p>I 2015 ble Litex en del av <a href=\"https:\/\/www.protan.no\/\" id=\"https:\/\/www.protan.no\/\">Protan AS<\/a>, et norsk industrikonsern som er verdensledende innen membranteknologi. Protan har ca 1000 ansatte i 15 land, og en samlet omsetning p\u00e5 ca 2,5 milliarder NOK.<\/p>\n<\/div>\n<\/div>\n<\/div>\n\n\n\n<div class=\"wp-block-columns alignwide is-layout-flex wp-container-core-columns-is-layout-28f84493 wp-block-columns-is-layout-flex\">\n<div class=\"wp-block-column is-layout-flow wp-block-column-is-layout-flow\">\n<h1 class=\"wp-block-heading\">Litex er ISO-sertifisert<\/h1>\n<\/div>\n\n\n\n<div class=\"wp-block-column is-layout-flow wp-block-column-is-layout-flow\">\n<h3 class=\"wp-block-heading\"><strong>Kvalitet<\/strong><\/h3>\n\n\n\n<p>For \u00e5 leve opp til v\u00e5re kunders, bransjens og v\u00e5re medarbeideres forventninger jobber vi systematisk med kvalitet og stadige forbedringer. Som et bevis p\u00e5 v\u00e5re tiltak er Litex ISO-sertifisert etter den internasjonale standarden for kvalitetsstyring, ISO 9001:2008.<br>Sertifiseringen inneb\u00e6rer at v\u00e5rt ledelsessystem, inkludert prosesser og arbeidsmetode, er godkjent i f\u00f8lge ISO-standarden. For \u00e5 kunne m\u00f8te forventningene og kravene som stilles av omverdenen gjennomg\u00e5r ledelsessystemet kontinuerlige forbedringer. Det f\u00f8lges ogs\u00e5 opp gjennom regelmessige interne og eksterne revisjoner, alt for \u00e5 sikre kvaliteten p\u00e5 v\u00e5re tjenester.<\/p>\n\n\n\n<p>Klikk for \u00e5 se v\u00e5re ISO-sertifikater her:<br><br><a href=\"https:\/\/www.protan.no\/globalassets\/protan-documents-and-films\/no\/certifications\/iso-2018-2021\/iso_9001_protan_no.pdf\">ISO 9001<\/a><br><a href=\"https:\/\/www.protan.no\/tak-og-membraner\/dokumenter-og-sertifikater\/iso-14001-protan-as\/\">ISO 14001<\/a><\/p>\n\n\n\n<h3 class=\"wp-block-heading\"><strong>Milj\u00f8<\/strong><\/h3>\n\n\n\n<p>Omsorg for v\u00e5rt milj\u00f8 er et viktig sp\u00f8rsm\u00e5l for oss. Milj\u00f8arbeidet Litex utf\u00f8rer inng\u00e5r som en integrert og naturlig del av v\u00e5rt daglige arbeid. Vi arbeider fortl\u00f8pende med \u00e5 revidere og utvikle v\u00e5re arbeidsm\u00e5ter og prosesser for \u00e5 forbedre v\u00e5r innvirkning p\u00e5 milj\u00f8et. Som et ledd i v\u00e5rt milj\u00f8arbeid er vi ogs\u00e5 sertifisert etter den internasjonale milj\u00f8styringsstandarden, ISO 14001:2008<\/p>\n\n\n\n<figure class=\"wp-block-image\"><img decoding=\"async\" src=\"http:\/\/litex.no\/content\/uploads\/2017\/08\/ISO_web.jpg\" alt=\"\" \/><\/figure>\n<\/div>\n<\/div>\n\n\n\n<h2 class=\"wp-block-heading alignwide\">Hvorfor velge Litex Membranplate<\/h2>\n\n\n\n\t\t<div class=\"t2-selling-points alignwide wp-block-t2-selling-points t2-grid\">\n\n\t\t<div class=\"t2-selling-point wp-block-t2-selling-point  t2-grid-item-col-4\">\n\t\t\t<div class=\"t2-selling-point__title\">Ingen sm\u00f8remembran<\/div><p class=\"t2-selling-point__description\">Litex membranplate er ekstremt vann- og damptett og gir en trygg og langvarig beskyttelse for alle typer overflater og konstruksjonsmetoder.<\/p>\n\t\t<\/div>\n\n\n\t\t<div class=\"t2-selling-point wp-block-t2-selling-point  t2-grid-item-col-4\">\n\t\t\t<div class=\"t2-selling-point__title\">Klar til flis umiddelbart<\/div><p class=\"t2-selling-point__description\">Litex membranplate er ekstremt vann- og damptett og gir en trygg og langvarig beskyttelse for alle typer overflater og konstruksjonsmetoder.<\/p>\n\t\t<\/div>\n\n\n\t\t<div class=\"t2-selling-point wp-block-t2-selling-point  t2-grid-item-col-4\">\n\t\t\t<div class=\"t2-selling-point__title\">H\u00f8y l\u00f8nnsomhet<\/div><p class=\"t2-selling-point__description\">Litex membranplate er ekstremt vann- og damptett og gir en trygg og langvarig beskyttelse for alle typer overflater og konstruksjonsmetoder.<\/p>\n\t\t<\/div>\n<\/div>\n\n\n\t\t<div class=\"t2-simple-media-text alignfull is-mode-constrained is-gap-center wp-block-t2-simple-media-text\">\n\t\t\t<div class=\"t2-simple-media-text__container\">\n\t\t\t\t<figure class=\"t2-simple-media-text__image\"><img loading=\"lazy\" decoding=\"async\" width=\"768\" height=\"382\" src=\"https:\/\/litex.no\/content\/uploads\/sites\/5\/2025\/10\/produksjon-nytt-format-768x382.png\" class=\"wp-image-575 size-medium_large attachment-medium_large\" alt=\"\" style=\"--focalpoint: 50% 50%;\" srcset=\"https:\/\/litex.no\/content\/uploads\/sites\/5\/2025\/10\/produksjon-nytt-format-768x382.png 768w, https:\/\/litex.no\/content\/uploads\/sites\/5\/2025\/10\/produksjon-nytt-format-300x149.png 300w, https:\/\/litex.no\/content\/uploads\/sites\/5\/2025\/10\/produksjon-nytt-format-1024x509.png 1024w, https:\/\/litex.no\/content\/uploads\/sites\/5\/2025\/10\/produksjon-nytt-format.png 1305w\" sizes=\"auto, (max-width: 768px) 100vw, 768px\" \/><\/figure>\n\t\t\t\t<div class=\"t2-simple-media-text__content-container\">\n\t\t\t\t\t<div class=\"t2-simple-media-text__content\">\n\t\t\t\t\t\t<div class=\"t2-simple-media-text__content-inner is-layout-flow\">\n\t\t\t\t\t\t\t\n\n<h2 class=\"wp-block-heading\">Litex leverer v\u00e5tromsystemer til store og sm\u00e5 prosjekter<\/h2>\n\n\n\n<p>Med gjennomtestede l\u00f8sninger og h\u00f8y faglig kompetanse leverer Litex v\u00e5tromsystemer som gir trygge, effektive og holdbare v\u00e5trom \u2013 uansett prosjektets st\u00f8rrelse.<\/p>\n\n\n\t\t\t\t\t\t<\/div>\n\t\t\t\t\t<\/div>\n\t\t\t\t<\/div>\n\t\t\t<\/div>\n\t\t<\/div>\n\t\t\n\n\n<div class=\"wp-block-group alignfull has-global-padding is-layout-constrained wp-block-group-is-layout-constrained\">\n<div class=\"wp-block-group alignfull has-global-padding is-layout-constrained wp-block-group-is-layout-constrained\">\n<h2 class=\"wp-block-heading alignfull has-text-align-center\">Samarbeidspartnere<\/h2>\n<\/div>\n<\/div>\n\n\n\t<div class=\"t2-logo-showcase alignfull wp-block-t2-logo-showcase\">\n\t\t\t\t\t<div class=\"t2-logo-item\" style=\"height:100px\">\n\t\t\t\t<img loading=\"lazy\" decoding=\"async\" width=\"237\" height=\"134\" src=\"https:\/\/litex.no\/content\/uploads\/sites\/5\/2026\/01\/vestlandshus-partner-logo.png\" class=\"attachment-medium size-medium\" alt=\"\" \/>\t\t\t<\/div>\n\t\t\t\t\t\t<div class=\"t2-logo-item\" style=\"height:100px\">\n\t\t\t\t<img loading=\"lazy\" decoding=\"async\" width=\"234\" height=\"132\" src=\"https:\/\/litex.no\/content\/uploads\/sites\/5\/2026\/01\/systemhus-partner-logo.png\" class=\"attachment-medium size-medium\" alt=\"\" \/>\t\t\t<\/div>\n\t\t\t\t\t\t<div class=\"t2-logo-item\" style=\"height:100px\">\n\t\t\t\t<img loading=\"lazy\" decoding=\"async\" width=\"294\" height=\"166\" src=\"https:\/\/litex.no\/content\/uploads\/sites\/5\/2026\/01\/Nordbohus.jpg\" class=\"attachment-medium size-medium\" alt=\"\" \/>\t\t\t<\/div>\n\t\t\t\t\t\t<div class=\"t2-logo-item\" style=\"height:100px\">\n\t\t\t\t<img loading=\"lazy\" decoding=\"async\" width=\"264\" height=\"148\" src=\"https:\/\/litex.no\/content\/uploads\/sites\/5\/2026\/01\/Mesterhus.png\" class=\"attachment-medium size-medium\" alt=\"\" \/>\t\t\t<\/div>\n\t\t\t\t\t\t<div class=\"t2-logo-item\" style=\"height:100px\">\n\t\t\t\t<img loading=\"lazy\" decoding=\"async\" width=\"269\" height=\"152\" src=\"https:\/\/litex.no\/content\/uploads\/sites\/5\/2026\/01\/Hellvikhus-partner-logo.png\" class=\"attachment-medium size-medium\" alt=\"\" \/>\t\t\t<\/div>\n\t\t\t\t\t\t<div class=\"t2-logo-item\" style=\"height:100px\">\n\t\t\t\t<img loading=\"lazy\" decoding=\"async\" width=\"222\" height=\"124\" src=\"https:\/\/litex.no\/content\/uploads\/sites\/5\/2026\/01\/byggmann-partner-logo.png\" class=\"attachment-medium size-medium\" alt=\"\" \/>\t\t\t<\/div>\n\t\t\t\t\t\t<div class=\"t2-logo-item\" style=\"height:100px\">\n\t\t\t\t<img loading=\"lazy\" decoding=\"async\" width=\"300\" height=\"168\" src=\"https:\/\/litex.no\/content\/uploads\/sites\/5\/2026\/01\/Byggkeramikk_logo-300x92-1.png\" class=\"attachment-medium size-medium\" alt=\"\" \/>\t\t\t<\/div>\n\t\t\t\t\t\t<div class=\"t2-logo-item\" style=\"height:100px\">\n\t\t\t\t<img loading=\"lazy\" decoding=\"async\" width=\"200\" height=\"112\" src=\"https:\/\/litex.no\/content\/uploads\/sites\/5\/2026\/01\/blinkhus-patner-logo.png\" class=\"attachment-medium size-medium\" alt=\"\" \/>\t\t\t<\/div>\n\t\t\t\t<\/div>\n\t","protected":false},"excerpt":{"rendered":"<p>Om Litex Litex har siden etableringen i 2000 v\u00e6rt markedsledende innen membransystemer for v\u00e5trom. Litex er idag en komplett leverand\u00f8r av membransystemer for bad, samt v\u00e5tromsplater. De senere \u00e5r har vi lansert flere ulike membransystemer, og vi tilbyr i dag trygge, raske og l\u00f8nnsomme l\u00f8sninger for alle underlag og byggem\u00e5ter. Vi har produksjon, kurslokaler og [&hellip;]<\/p>\n","protected":false},"author":1,"featured_media":131,"parent":0,"menu_order":0,"comment_status":"closed","ping_status":"closed","template":"","meta":{"footnotes":""},"class_list":["post-17","page","type-page","status-publish","has-post-thumbnail","hentry"],"yoast_head":"<!-- This site is optimized with the Yoast SEO Premium plugin v26.2 (Yoast SEO v26.8) - https:\/\/yoast.com\/product\/yoast-seo-premium-wordpress\/ -->\n<title>Om Litex - Litex swedish<\/title>\n<meta name=\"robots\" content=\"index, follow, max-snippet:-1, max-image-preview:large, max-video-preview:-1\" \/>\n<link rel=\"canonical\" href=\"https:\/\/litex.no\/se\/om-oss\/\" \/>\n<meta property=\"og:locale\" content=\"nb_NO\" \/>\n<meta property=\"og:type\" content=\"article\" \/>\n<meta property=\"og:title\" content=\"Om Litex\" \/>\n<meta property=\"og:description\" content=\"Om Litex Litex har siden etableringen i 2000 v\u00e6rt markedsledende innen membransystemer for v\u00e5trom. Litex er idag en komplett leverand\u00f8r av membransystemer for bad, samt v\u00e5tromsplater. De senere \u00e5r har vi lansert flere ulike membransystemer, og vi tilbyr i dag trygge, raske og l\u00f8nnsomme l\u00f8sninger for alle underlag og byggem\u00e5ter. Vi har produksjon, kurslokaler og [&hellip;]\" \/>\n<meta property=\"og:url\" content=\"https:\/\/litex.no\/se\/om-oss\/\" \/>\n<meta property=\"og:site_name\" content=\"Litex swedish\" \/>\n<meta property=\"article:modified_time\" content=\"2026-01-26T20:45:52+00:00\" \/>\n<meta property=\"og:image\" content=\"https:\/\/litex.no\/content\/uploads\/sites\/5\/2025\/05\/284c5c31a0feccaeab405110ca2a0a68453bad07.jpg\" \/>\n\t<meta property=\"og:image:width\" content=\"684\" \/>\n\t<meta property=\"og:image:height\" content=\"499\" \/>\n\t<meta property=\"og:image:type\" content=\"image\/jpeg\" \/>\n<meta name=\"twitter:card\" content=\"summary_large_image\" \/>\n<meta name=\"twitter:label1\" content=\"Ansl. lesetid\" \/>\n\t<meta name=\"twitter:data1\" content=\"3 minutter\" \/>\n<script type=\"application\/ld+json\" class=\"yoast-schema-graph\">{\"@context\":\"https:\/\/schema.org\",\"@graph\":[{\"@type\":\"WebPage\",\"@id\":\"https:\/\/litex.no\/se\/om-oss\/\",\"url\":\"https:\/\/litex.no\/se\/om-oss\/\",\"name\":\"Om Litex - Litex swedish\",\"isPartOf\":{\"@id\":\"https:\/\/litex.no\/se\/#website\"},\"primaryImageOfPage\":{\"@id\":\"https:\/\/litex.no\/se\/om-oss\/#primaryimage\"},\"image\":{\"@id\":\"https:\/\/litex.no\/se\/om-oss\/#primaryimage\"},\"thumbnailUrl\":\"https:\/\/litex.no\/content\/uploads\/sites\/5\/2025\/05\/284c5c31a0feccaeab405110ca2a0a68453bad07.jpg\",\"datePublished\":\"2025-05-05T07:03:48+00:00\",\"dateModified\":\"2026-01-26T20:45:52+00:00\",\"breadcrumb\":{\"@id\":\"https:\/\/litex.no\/se\/om-oss\/#breadcrumb\"},\"inLanguage\":\"nb-NO\",\"potentialAction\":[{\"@type\":\"ReadAction\",\"target\":[\"https:\/\/litex.no\/se\/om-oss\/\"]}]},{\"@type\":\"ImageObject\",\"inLanguage\":\"nb-NO\",\"@id\":\"https:\/\/litex.no\/se\/om-oss\/#primaryimage\",\"url\":\"https:\/\/litex.no\/content\/uploads\/sites\/5\/2025\/05\/284c5c31a0feccaeab405110ca2a0a68453bad07.jpg\",\"contentUrl\":\"https:\/\/litex.no\/content\/uploads\/sites\/5\/2025\/05\/284c5c31a0feccaeab405110ca2a0a68453bad07.jpg\",\"width\":684,\"height\":499},{\"@type\":\"BreadcrumbList\",\"@id\":\"https:\/\/litex.no\/se\/om-oss\/#breadcrumb\",\"itemListElement\":[{\"@type\":\"ListItem\",\"position\":1,\"name\":\"Hjem\",\"item\":\"https:\/\/litex.no\/se\/\"},{\"@type\":\"ListItem\",\"position\":2,\"name\":\"Om Litex\"}]},{\"@type\":\"WebSite\",\"@id\":\"https:\/\/litex.no\/se\/#website\",\"url\":\"https:\/\/litex.no\/se\/\",\"name\":\"Litex\",\"description\":\"Simply smarter\",\"publisher\":{\"@id\":\"https:\/\/litex.no\/se\/#organization\"},\"potentialAction\":[{\"@type\":\"SearchAction\",\"target\":{\"@type\":\"EntryPoint\",\"urlTemplate\":\"https:\/\/litex.no\/se\/?s={search_term_string}\"},\"query-input\":{\"@type\":\"PropertyValueSpecification\",\"valueRequired\":true,\"valueName\":\"search_term_string\"}}],\"inLanguage\":\"nb-NO\"},{\"@type\":\"Organization\",\"@id\":\"https:\/\/litex.no\/se\/#organization\",\"name\":\"Litex\",\"url\":\"https:\/\/litex.no\/se\/\",\"logo\":{\"@type\":\"ImageObject\",\"inLanguage\":\"nb-NO\",\"@id\":\"https:\/\/litex.no\/se\/#\/schema\/logo\/image\/\",\"url\":\"https:\/\/litex.no\/content\/uploads\/sites\/5\/2025\/05\/litex-logo.svg\",\"contentUrl\":\"https:\/\/litex.no\/content\/uploads\/sites\/5\/2025\/05\/litex-logo.svg\",\"caption\":\"Litex\"},\"image\":{\"@id\":\"https:\/\/litex.no\/se\/#\/schema\/logo\/image\/\"}}]}<\/script>\n<!-- \/ Yoast SEO Premium plugin. -->","yoast_head_json":{"title":"Om Litex - Litex swedish","robots":{"index":"index","follow":"follow","max-snippet":"max-snippet:-1","max-image-preview":"max-image-preview:large","max-video-preview":"max-video-preview:-1"},"canonical":"https:\/\/litex.no\/se\/om-oss\/","og_locale":"nb_NO","og_type":"article","og_title":"Om Litex","og_description":"Om Litex Litex har siden etableringen i 2000 v\u00e6rt markedsledende innen membransystemer for v\u00e5trom. Litex er idag en komplett leverand\u00f8r av membransystemer for bad, samt v\u00e5tromsplater. De senere \u00e5r har vi lansert flere ulike membransystemer, og vi tilbyr i dag trygge, raske og l\u00f8nnsomme l\u00f8sninger for alle underlag og byggem\u00e5ter. Vi har produksjon, kurslokaler og [&hellip;]","og_url":"https:\/\/litex.no\/se\/om-oss\/","og_site_name":"Litex swedish","article_modified_time":"2026-01-26T20:45:52+00:00","og_image":[{"width":684,"height":499,"url":"https:\/\/litex.no\/content\/uploads\/sites\/5\/2025\/05\/284c5c31a0feccaeab405110ca2a0a68453bad07.jpg","type":"image\/jpeg"}],"twitter_card":"summary_large_image","twitter_misc":{"Ansl. lesetid":"3 minutter"},"schema":{"@context":"https:\/\/schema.org","@graph":[{"@type":"WebPage","@id":"https:\/\/litex.no\/se\/om-oss\/","url":"https:\/\/litex.no\/se\/om-oss\/","name":"Om Litex - Litex swedish","isPartOf":{"@id":"https:\/\/litex.no\/se\/#website"},"primaryImageOfPage":{"@id":"https:\/\/litex.no\/se\/om-oss\/#primaryimage"},"image":{"@id":"https:\/\/litex.no\/se\/om-oss\/#primaryimage"},"thumbnailUrl":"https:\/\/litex.no\/content\/uploads\/sites\/5\/2025\/05\/284c5c31a0feccaeab405110ca2a0a68453bad07.jpg","datePublished":"2025-05-05T07:03:48+00:00","dateModified":"2026-01-26T20:45:52+00:00","breadcrumb":{"@id":"https:\/\/litex.no\/se\/om-oss\/#breadcrumb"},"inLanguage":"nb-NO","potentialAction":[{"@type":"ReadAction","target":["https:\/\/litex.no\/se\/om-oss\/"]}]},{"@type":"ImageObject","inLanguage":"nb-NO","@id":"https:\/\/litex.no\/se\/om-oss\/#primaryimage","url":"https:\/\/litex.no\/content\/uploads\/sites\/5\/2025\/05\/284c5c31a0feccaeab405110ca2a0a68453bad07.jpg","contentUrl":"https:\/\/litex.no\/content\/uploads\/sites\/5\/2025\/05\/284c5c31a0feccaeab405110ca2a0a68453bad07.jpg","width":684,"height":499},{"@type":"BreadcrumbList","@id":"https:\/\/litex.no\/se\/om-oss\/#breadcrumb","itemListElement":[{"@type":"ListItem","position":1,"name":"Hjem","item":"https:\/\/litex.no\/se\/"},{"@type":"ListItem","position":2,"name":"Om Litex"}]},{"@type":"WebSite","@id":"https:\/\/litex.no\/se\/#website","url":"https:\/\/litex.no\/se\/","name":"Litex","description":"Simply smarter","publisher":{"@id":"https:\/\/litex.no\/se\/#organization"},"potentialAction":[{"@type":"SearchAction","target":{"@type":"EntryPoint","urlTemplate":"https:\/\/litex.no\/se\/?s={search_term_string}"},"query-input":{"@type":"PropertyValueSpecification","valueRequired":true,"valueName":"search_term_string"}}],"inLanguage":"nb-NO"},{"@type":"Organization","@id":"https:\/\/litex.no\/se\/#organization","name":"Litex","url":"https:\/\/litex.no\/se\/","logo":{"@type":"ImageObject","inLanguage":"nb-NO","@id":"https:\/\/litex.no\/se\/#\/schema\/logo\/image\/","url":"https:\/\/litex.no\/content\/uploads\/sites\/5\/2025\/05\/litex-logo.svg","contentUrl":"https:\/\/litex.no\/content\/uploads\/sites\/5\/2025\/05\/litex-logo.svg","caption":"Litex"},"image":{"@id":"https:\/\/litex.no\/se\/#\/schema\/logo\/image\/"}}]}},"_links":{"self":[{"href":"https:\/\/litex.no\/se\/wp-json\/wp\/v2\/pages\/17","targetHints":{"allow":["GET"]}}],"collection":[{"href":"https:\/\/litex.no\/se\/wp-json\/wp\/v2\/pages"}],"about":[{"href":"https:\/\/litex.no\/se\/wp-json\/wp\/v2\/types\/page"}],"author":[{"embeddable":true,"href":"https:\/\/litex.no\/se\/wp-json\/wp\/v2\/users\/1"}],"replies":[{"embeddable":true,"href":"https:\/\/litex.no\/se\/wp-json\/wp\/v2\/comments?post=17"}],"version-history":[{"count":4,"href":"https:\/\/litex.no\/se\/wp-json\/wp\/v2\/pages\/17\/revisions"}],"predecessor-version":[{"id":1717,"href":"https:\/\/litex.no\/se\/wp-json\/wp\/v2\/pages\/17\/revisions\/1717"}],"wp:featuredmedia":[{"embeddable":true,"href":"https:\/\/litex.no\/se\/wp-json\/wp\/v2\/media\/131"}],"wp:attachment":[{"href":"https:\/\/litex.no\/se\/wp-json\/wp\/v2\/media?parent=17"}],"curies":[{"name":"wp","href":"https:\/\/api.w.org\/{rel}","templated":true}]}}