{"id":47,"date":"2025-05-05T07:17:14","date_gmt":"2025-05-05T07:17:14","guid":{"rendered":"https:\/\/litex.no\/?page_id=47"},"modified":"2026-01-09T12:49:21","modified_gmt":"2026-01-09T12:49:21","slug":"vatromskole","status":"publish","type":"page","link":"https:\/\/litex.no\/en\/vatromskole\/","title":{"rendered":"Velkommen til Litex V\u00e5tromskole!"},"content":{"rendered":"\n\t\t<div class=\"dekode-lib__hero-lx alignfull is-post-type-page has-dark-theme has-breadcrumbs has-background-image wp-block-dekode-library-hero-lx\">\n\t\t\t<div class=\"dekode-lib__hero-lx--wrapper\">\n\t\t\t<div class=\"dekode-lib__hero-lx--background\">\n\t\t\t\t<figure class=\"dekode-lib__hero-lx--background-image-wrapper\">\n\t\t\t\t\t<img decoding=\"async\" width=\"1362\" height=\"908\" src=\"https:\/\/litex.no\/content\/uploads\/sites\/7\/2025\/05\/ae36a78bd0c0f90e56e8fd734b5b24e5e4a1ecc4.jpg\" class=\"dekode-lib__hero-lx--background-image\" alt=\"\" loading=\"lazy\" srcset=\"https:\/\/litex.no\/content\/uploads\/sites\/7\/2025\/05\/ae36a78bd0c0f90e56e8fd734b5b24e5e4a1ecc4.jpg 1362w, https:\/\/litex.no\/content\/uploads\/sites\/7\/2025\/05\/ae36a78bd0c0f90e56e8fd734b5b24e5e4a1ecc4-300x200.jpg 300w, https:\/\/litex.no\/content\/uploads\/sites\/7\/2025\/05\/ae36a78bd0c0f90e56e8fd734b5b24e5e4a1ecc4-1024x683.jpg 1024w, https:\/\/litex.no\/content\/uploads\/sites\/7\/2025\/05\/ae36a78bd0c0f90e56e8fd734b5b24e5e4a1ecc4-768x512.jpg 768w\" sizes=\"auto, (max-width: 1362px) 100vw, 1362px\" \/>\n\t\t\t\t<\/figure>\n\t\t\t<\/div>\n\t\t\t<div class=\"dekode-lib__hero-lx--main\">\n\t\t\t\t<div class=\"dekode-lib__hero-lx--breadcrumbs\"><div class=\"yoast-breadcrumbs\"><span><span><a href=\"https:\/\/litex.no\/en\/\">Hjem<\/a><\/span> \/ <span class=\"breadcrumb_last\" aria-current=\"page\">Velkommen til Litex V\u00e5tromskole!<\/span><\/span><\/div><\/div>\n\t\t\t\t<div class=\"dekode-lib__hero-lx--content wp-block-group alignwide is-layout-flow wp-block-group-is-layout-flow\">\n\t\t\t\t\t\n<h1 class=\"wp-block-post-title\">Velkommen til Litex V\u00e5tromskole!<\/h1>\n\n\n<p>Litex V\u00e5tromskole er for h\u00e5ndverkere som jobber med bad og v\u00e5trom. Litex \u00f8nsker \u00e5 \u00f8ke kunnskapen om hvordan man bygger trygge og tette bad.<\/p>\n\n\n\n<div class=\"wp-block-buttons is-layout-flex wp-block-buttons-is-layout-flex\">\n<div class=\"wp-block-button is-style-outline is-style-outline--1 has-icon has-icon-arrow_right\"><a class=\"wp-block-button__link wp-element-button\"><svg xmlns=\"http:\/\/www.w3.org\/2000\/svg\" viewBox=\"0 0 24 24\" height=\"24\" width=\"24\" class=\"t2-icon t2-icon-arrow_right\" aria-hidden=\"true\" focusable=\"false\"><path fill=\"currentColor\" fill-rule=\"evenodd\" d=\"M17.602 7.602c.22-.22.576-.22.796 0l4 4c.22.22.22.576 0 .796l-4 4a.562.562 0 1 1-.796-.796L21.204 12l-3.602-3.602a.562.562 0 0 1 0-.796Z\" clip-rule=\"evenodd\"\/><path fill=\"currentColor\" fill-rule=\"evenodd\" d=\"M1.438 12c0-.31.251-.563.562-.563h20a.562.562 0 1 1 0 1.126H2A.562.562 0 0 1 1.437 12Z\" clip-rule=\"evenodd\"\/><\/svg>Meld deg p\u00e5<\/a><\/div>\n<\/div>\n\n\n\t\t\t\t<\/div>\n\t\t\t<\/div>\n\t\t\t<div class=\"dekode-lib__hero-lx--featured-image\"><\/div>\n\t\t\t<\/div>\n\t\t<\/div>\n\n\n<h2 class=\"wp-block-heading\">Bli proff p\u00e5 v\u00e5trom<\/h2>\n\n\n\n<p class=\"has-text-align-left\"><strong>Litex V\u00e5tromskole er for h\u00e5ndverkere som jobber med bad og v\u00e5trom.<\/strong><\/p>\n\n\n\n<p>Litex \u00f8nsker gjennom Litex V\u00e5tromskole \u00e5 \u00f8ke kunnskapen om hvordan man bygger trygge og tette bad ved bruk av Litex V\u00e5tromsystemer. Litex V\u00e5tromskole er for deg som jobber profesjonelt med bad og v\u00e5trom.<\/p>\n\n\n\n<p>I tillegg til kunnskap og r\u00e5dgiving i bruk og montering av Litex V\u00e5tromsystemer, gis det grunnleggende gjennomgang av byggemetoder og hvilke regler og normer som gjelder for bygging av v\u00e5trom. Ref. TEK17, Byggevarebransjens v\u00e5tromsnorm (BVN) og Byggmesterforbundets v\u00e5tromskurs.<\/p>\n\n\n\n<p>Vi har kurs i v\u00e5re lokaler i Pindsleveien 4 i Sandefjord. <\/p>\n\n\n\n<h3 class=\"wp-block-heading\">Litex tilbyr to ulike moduler:<\/h3>\n\n\n\n<p><strong>Modul 1:<\/strong> \u00a0Kurs i montering av Litex plater og mansjetter, samt Litex Membranduk. Kurslengde: 1 dag, 0800-1600.<\/p>\n\n\n\n<p><strong>Modul 2:<\/strong> \u00a0Kurs i montering av v\u00e5re l\u00f8sninger, Litex Plater med tilbeh\u00f8r, Litex membranduk med detaljer, og kurs i legging og sveising av Litex Banemembran med tilbeh\u00f8r. Kurslengde: 2 dager, 0800-1600.<\/p>\n\n\n\n<p>Pris pr deltager: Modul 1: 2990,- eks mva, Modul 2: 5500,- eks.mva. Vi har maks 6 deltagere pr kurs for \u00e5 sikre god kvalitet og l\u00e6ringsutbytte.<\/p>\n\n\n\n<p>Begge moduler inkluderer: Teoretisk og praktisk oppl\u00e6ring, avsluttende praktisk pr\u00f8ve, kursbevis(digitalt) og lunsj\/drikke.<\/p>\n\n\n\n<h4 class=\"wp-block-heading\">Har du sp\u00f8rsm\u00e5l rundt kurs, eller \u00f8nsker \u00e5 booke deg inn?<\/h4>\n\n\n\n<p class=\"has-text-align-left\">Ta kontakt med oss p\u00e5&nbsp;<a href=\"mailto:kurs@litex.no\" target=\"_blank\" rel=\"noreferrer noopener\">kurs@litex.no<\/a>&nbsp;i dag!<\/p>\n\n\n\n\t\t<div class=\"t2-simple-media-text alignfull is-mode-constrained is-gap-center has-media-on-the-right wp-block-t2-simple-media-text\">\n\t\t\t<div class=\"t2-simple-media-text__container\">\n\t\t\t\t<figure class=\"t2-simple-media-text__image\"><img loading=\"lazy\" decoding=\"async\" width=\"768\" height=\"512\" src=\"https:\/\/litex.no\/content\/uploads\/sites\/7\/2025\/05\/fa5424392dbc95711be287aebf0cf078b31888ef-768x512.jpg\" class=\"wp-image-9 size-medium_large attachment-medium_large\" alt=\"\" style=\"--focalpoint: 50% 52%;\" srcset=\"https:\/\/litex.no\/content\/uploads\/sites\/7\/2025\/05\/fa5424392dbc95711be287aebf0cf078b31888ef-768x512.jpg 768w, https:\/\/litex.no\/content\/uploads\/sites\/7\/2025\/05\/fa5424392dbc95711be287aebf0cf078b31888ef-300x200.jpg 300w, https:\/\/litex.no\/content\/uploads\/sites\/7\/2025\/05\/fa5424392dbc95711be287aebf0cf078b31888ef-1024x683.jpg 1024w, https:\/\/litex.no\/content\/uploads\/sites\/7\/2025\/05\/fa5424392dbc95711be287aebf0cf078b31888ef-1536x1024.jpg 1536w, https:\/\/litex.no\/content\/uploads\/sites\/7\/2025\/05\/fa5424392dbc95711be287aebf0cf078b31888ef-2048x1365.jpg 2048w\" sizes=\"auto, (max-width: 768px) 100vw, 768px\" \/><\/figure>\n\t\t\t\t<div class=\"t2-simple-media-text__content-container\">\n\t\t\t\t\t<div class=\"t2-simple-media-text__content\">\n\t\t\t\t\t\t<div class=\"t2-simple-media-text__content-inner is-layout-flow\">\n\t\t\t\t\t\t\t\n\n<h2 class=\"wp-block-heading\">2 dagers kurs \u2013 10% teori og 90% praksis<\/h2>\n\n\n\n<p>Er du snekker, maler, murer, flislegger eler r\u00f8rlegger og har behov for \u00e5 tilegne ny kunnskap eller friske opp den gamle? Da er dette kurset for deg! F\u00e5 innsikt i byggmetoder, regler og normer for bygging av v\u00e5trom, fuktmekanikk og montering av Litex membranplater. <\/p>\n\n\n\t\t\t\t\t\t<\/div>\n\t\t\t\t\t<\/div>\n\t\t\t\t<\/div>\n\t\t\t<\/div>\n\t\t<\/div>\n\t\t","protected":false},"excerpt":{"rendered":"<p>Bli proff p\u00e5 v\u00e5trom Litex V\u00e5tromskole er for h\u00e5ndverkere som jobber med bad og v\u00e5trom. Litex \u00f8nsker gjennom Litex V\u00e5tromskole \u00e5 \u00f8ke kunnskapen om hvordan man bygger trygge og tette bad ved bruk av Litex V\u00e5tromsystemer. Litex V\u00e5tromskole er for deg som jobber profesjonelt med bad og v\u00e5trom. I tillegg til kunnskap og r\u00e5dgiving i [&hellip;]<\/p>\n","protected":false},"author":4,"featured_media":0,"parent":0,"menu_order":0,"comment_status":"closed","ping_status":"closed","template":"","meta":{"footnotes":""},"class_list":["post-47","page","type-page","status-publish","hentry"],"yoast_head":"<!-- This site is optimized with the Yoast SEO Premium plugin v26.2 (Yoast SEO v26.8) - https:\/\/yoast.com\/product\/yoast-seo-premium-wordpress\/ -->\n<title>Velkommen til Litex V\u00e5tromskole! - Litex English<\/title>\n<meta name=\"robots\" content=\"index, follow, max-snippet:-1, max-image-preview:large, max-video-preview:-1\" \/>\n<link rel=\"canonical\" href=\"https:\/\/litex.no\/en\/vatromskole\/\" \/>\n<meta property=\"og:locale\" content=\"nb_NO\" \/>\n<meta property=\"og:type\" content=\"article\" \/>\n<meta property=\"og:title\" content=\"Velkommen til Litex V\u00e5tromskole!\" \/>\n<meta property=\"og:description\" content=\"Bli proff p\u00e5 v\u00e5trom Litex V\u00e5tromskole er for h\u00e5ndverkere som jobber med bad og v\u00e5trom. Litex \u00f8nsker gjennom Litex V\u00e5tromskole \u00e5 \u00f8ke kunnskapen om hvordan man bygger trygge og tette bad ved bruk av Litex V\u00e5tromsystemer. Litex V\u00e5tromskole er for deg som jobber profesjonelt med bad og v\u00e5trom. I tillegg til kunnskap og r\u00e5dgiving i [&hellip;]\" \/>\n<meta property=\"og:url\" content=\"https:\/\/litex.no\/en\/vatromskole\/\" \/>\n<meta property=\"og:site_name\" content=\"Litex English\" \/>\n<meta property=\"article:modified_time\" content=\"2026-01-09T12:49:21+00:00\" \/>\n<meta property=\"og:image\" content=\"https:\/\/litex.no\/content\/uploads\/sites\/7\/2025\/10\/Logo-Litex-Simply-Smarter.png\" \/>\n\t<meta property=\"og:image:width\" content=\"329\" \/>\n\t<meta property=\"og:image:height\" content=\"185\" \/>\n\t<meta property=\"og:image:type\" content=\"image\/png\" \/>\n<meta name=\"twitter:card\" content=\"summary_large_image\" \/>\n<meta name=\"twitter:label1\" content=\"Ansl. lesetid\" \/>\n\t<meta name=\"twitter:data1\" content=\"2 minutter\" \/>\n<script type=\"application\/ld+json\" class=\"yoast-schema-graph\">{\"@context\":\"https:\/\/schema.org\",\"@graph\":[{\"@type\":\"WebPage\",\"@id\":\"https:\/\/litex.no\/en\/vatromskole\/\",\"url\":\"https:\/\/litex.no\/en\/vatromskole\/\",\"name\":\"Velkommen til Litex V\u00e5tromskole! - Litex English\",\"isPartOf\":{\"@id\":\"https:\/\/litex.no\/en\/#website\"},\"datePublished\":\"2025-05-05T07:17:14+00:00\",\"dateModified\":\"2026-01-09T12:49:21+00:00\",\"breadcrumb\":{\"@id\":\"https:\/\/litex.no\/en\/vatromskole\/#breadcrumb\"},\"inLanguage\":\"nb-NO\",\"potentialAction\":[{\"@type\":\"ReadAction\",\"target\":[\"https:\/\/litex.no\/en\/vatromskole\/\"]}]},{\"@type\":\"BreadcrumbList\",\"@id\":\"https:\/\/litex.no\/en\/vatromskole\/#breadcrumb\",\"itemListElement\":[{\"@type\":\"ListItem\",\"position\":1,\"name\":\"Hjem\",\"item\":\"https:\/\/litex.no\/en\/\"},{\"@type\":\"ListItem\",\"position\":2,\"name\":\"Velkommen til Litex V\u00e5tromskole!\"}]},{\"@type\":\"WebSite\",\"@id\":\"https:\/\/litex.no\/en\/#website\",\"url\":\"https:\/\/litex.no\/en\/\",\"name\":\"Litex\",\"description\":\"Simply smarter\",\"publisher\":{\"@id\":\"https:\/\/litex.no\/en\/#organization\"},\"potentialAction\":[{\"@type\":\"SearchAction\",\"target\":{\"@type\":\"EntryPoint\",\"urlTemplate\":\"https:\/\/litex.no\/en\/?s={search_term_string}\"},\"query-input\":{\"@type\":\"PropertyValueSpecification\",\"valueRequired\":true,\"valueName\":\"search_term_string\"}}],\"inLanguage\":\"nb-NO\"},{\"@type\":\"Organization\",\"@id\":\"https:\/\/litex.no\/en\/#organization\",\"name\":\"Litex\",\"url\":\"https:\/\/litex.no\/en\/\",\"logo\":{\"@type\":\"ImageObject\",\"inLanguage\":\"nb-NO\",\"@id\":\"https:\/\/litex.no\/en\/#\/schema\/logo\/image\/\",\"url\":\"https:\/\/litex.no\/content\/uploads\/sites\/7\/2025\/05\/litex-logo.svg\",\"contentUrl\":\"https:\/\/litex.no\/content\/uploads\/sites\/7\/2025\/05\/litex-logo.svg\",\"caption\":\"Litex\"},\"image\":{\"@id\":\"https:\/\/litex.no\/en\/#\/schema\/logo\/image\/\"}}]}<\/script>\n<!-- \/ Yoast SEO Premium plugin. -->","yoast_head_json":{"title":"Velkommen til Litex V\u00e5tromskole! - Litex English","robots":{"index":"index","follow":"follow","max-snippet":"max-snippet:-1","max-image-preview":"max-image-preview:large","max-video-preview":"max-video-preview:-1"},"canonical":"https:\/\/litex.no\/en\/vatromskole\/","og_locale":"nb_NO","og_type":"article","og_title":"Velkommen til Litex V\u00e5tromskole!","og_description":"Bli proff p\u00e5 v\u00e5trom Litex V\u00e5tromskole er for h\u00e5ndverkere som jobber med bad og v\u00e5trom. Litex \u00f8nsker gjennom Litex V\u00e5tromskole \u00e5 \u00f8ke kunnskapen om hvordan man bygger trygge og tette bad ved bruk av Litex V\u00e5tromsystemer. Litex V\u00e5tromskole er for deg som jobber profesjonelt med bad og v\u00e5trom. I tillegg til kunnskap og r\u00e5dgiving i [&hellip;]","og_url":"https:\/\/litex.no\/en\/vatromskole\/","og_site_name":"Litex English","article_modified_time":"2026-01-09T12:49:21+00:00","og_image":[{"width":329,"height":185,"url":"https:\/\/litex.no\/content\/uploads\/sites\/7\/2025\/10\/Logo-Litex-Simply-Smarter.png","type":"image\/png"}],"twitter_card":"summary_large_image","twitter_misc":{"Ansl. lesetid":"2 minutter"},"schema":{"@context":"https:\/\/schema.org","@graph":[{"@type":"WebPage","@id":"https:\/\/litex.no\/en\/vatromskole\/","url":"https:\/\/litex.no\/en\/vatromskole\/","name":"Velkommen til Litex V\u00e5tromskole! - Litex English","isPartOf":{"@id":"https:\/\/litex.no\/en\/#website"},"datePublished":"2025-05-05T07:17:14+00:00","dateModified":"2026-01-09T12:49:21+00:00","breadcrumb":{"@id":"https:\/\/litex.no\/en\/vatromskole\/#breadcrumb"},"inLanguage":"nb-NO","potentialAction":[{"@type":"ReadAction","target":["https:\/\/litex.no\/en\/vatromskole\/"]}]},{"@type":"BreadcrumbList","@id":"https:\/\/litex.no\/en\/vatromskole\/#breadcrumb","itemListElement":[{"@type":"ListItem","position":1,"name":"Hjem","item":"https:\/\/litex.no\/en\/"},{"@type":"ListItem","position":2,"name":"Velkommen til Litex V\u00e5tromskole!"}]},{"@type":"WebSite","@id":"https:\/\/litex.no\/en\/#website","url":"https:\/\/litex.no\/en\/","name":"Litex","description":"Simply smarter","publisher":{"@id":"https:\/\/litex.no\/en\/#organization"},"potentialAction":[{"@type":"SearchAction","target":{"@type":"EntryPoint","urlTemplate":"https:\/\/litex.no\/en\/?s={search_term_string}"},"query-input":{"@type":"PropertyValueSpecification","valueRequired":true,"valueName":"search_term_string"}}],"inLanguage":"nb-NO"},{"@type":"Organization","@id":"https:\/\/litex.no\/en\/#organization","name":"Litex","url":"https:\/\/litex.no\/en\/","logo":{"@type":"ImageObject","inLanguage":"nb-NO","@id":"https:\/\/litex.no\/en\/#\/schema\/logo\/image\/","url":"https:\/\/litex.no\/content\/uploads\/sites\/7\/2025\/05\/litex-logo.svg","contentUrl":"https:\/\/litex.no\/content\/uploads\/sites\/7\/2025\/05\/litex-logo.svg","caption":"Litex"},"image":{"@id":"https:\/\/litex.no\/en\/#\/schema\/logo\/image\/"}}]}},"_links":{"self":[{"href":"https:\/\/litex.no\/en\/wp-json\/wp\/v2\/pages\/47","targetHints":{"allow":["GET"]}}],"collection":[{"href":"https:\/\/litex.no\/en\/wp-json\/wp\/v2\/pages"}],"about":[{"href":"https:\/\/litex.no\/en\/wp-json\/wp\/v2\/types\/page"}],"author":[{"embeddable":true,"href":"https:\/\/litex.no\/en\/wp-json\/wp\/v2\/users\/4"}],"replies":[{"embeddable":true,"href":"https:\/\/litex.no\/en\/wp-json\/wp\/v2\/comments?post=47"}],"version-history":[{"count":5,"href":"https:\/\/litex.no\/en\/wp-json\/wp\/v2\/pages\/47\/revisions"}],"predecessor-version":[{"id":1220,"href":"https:\/\/litex.no\/en\/wp-json\/wp\/v2\/pages\/47\/revisions\/1220"}],"wp:attachment":[{"href":"https:\/\/litex.no\/en\/wp-json\/wp\/v2\/media?parent=47"}],"curies":[{"name":"wp","href":"https:\/\/api.w.org\/{rel}","templated":true}]}}