{"id":19,"date":"2025-05-05T07:03:59","date_gmt":"2025-05-05T07:03:59","guid":{"rendered":"https:\/\/litex.no\/?page_id=19"},"modified":"2026-01-09T13:13:51","modified_gmt":"2026-01-09T13:13:51","slug":"samarbeidspartnere","status":"publish","type":"page","link":"https:\/\/litex.no\/en\/samarbeidspartnere\/","title":{"rendered":"Samarbeidspartnere"},"content":{"rendered":"\n\t\t<div class=\"dekode-lib__hero-lx alignfull is-post-type-page has-dark-theme has-breadcrumbs has-background-image has-background-image has-background-image--featured wp-block-dekode-library-hero-lx\">\n\t\t\t<div class=\"dekode-lib__hero-lx--wrapper\">\n\t\t\t<div class=\"dekode-lib__hero-lx--background\">\n\t\t\t\t<figure class=\"dekode-lib__hero-lx--background-image-wrapper\">\n\t\t\t\t\t<img decoding=\"async\" width=\"2000\" height=\"1492\" src=\"https:\/\/litex.no\/content\/uploads\/sites\/7\/2025\/11\/litex-tbboard-1.jpg\" class=\"dekode-lib__hero-lx--background-image\" alt=\"\" loading=\"lazy\" srcset=\"https:\/\/litex.no\/content\/uploads\/sites\/7\/2025\/11\/litex-tbboard-1.jpg 2000w, https:\/\/litex.no\/content\/uploads\/sites\/7\/2025\/11\/litex-tbboard-1-300x224.jpg 300w, https:\/\/litex.no\/content\/uploads\/sites\/7\/2025\/11\/litex-tbboard-1-1024x764.jpg 1024w, https:\/\/litex.no\/content\/uploads\/sites\/7\/2025\/11\/litex-tbboard-1-768x573.jpg 768w, https:\/\/litex.no\/content\/uploads\/sites\/7\/2025\/11\/litex-tbboard-1-1536x1146.jpg 1536w\" sizes=\"auto, (max-width: 2000px) 100vw, 2000px\" \/>\n\t\t\t\t<\/figure>\n\t\t\t<\/div>\n\t\t\t<div class=\"dekode-lib__hero-lx--main\">\n\t\t\t\t<div class=\"dekode-lib__hero-lx--breadcrumbs\"><div class=\"yoast-breadcrumbs\"><span><span><a href=\"https:\/\/litex.no\/en\/\">Hjem<\/a><\/span> \/ <span class=\"breadcrumb_last\" aria-current=\"page\">Samarbeidspartnere<\/span><\/span><\/div><\/div>\n\t\t\t\t<div class=\"dekode-lib__hero-lx--content wp-block-group alignwide is-layout-flow wp-block-group-is-layout-flow\">\n\t\t\t\t\t\n<h1 class=\"wp-block-post-title\">Samarbeidspartnere<\/h1>\n\n\n<p>Vi samarbeider med ledende akt\u00f8rer i bygge- og boligbransjen for \u00e5 sikre h\u00f8y kvalitet, solide l\u00f8sninger og gode resultater i alle prosjekter. V\u00e5re samarbeidspartnere deler v\u00e5rt fokus p\u00e5 fagkompetanse, p\u00e5litelighet og b\u00e6rekraft, og bidrar til \u00e5 skape trygge og varige bygg for fremtiden.<\/p>\n\n\n\n<div class=\"wp-block-buttons is-layout-flex wp-block-buttons-is-layout-flex\">\n<div class=\"wp-block-button has-icon has-icon-search\"><a class=\"wp-block-button__link wp-element-button\" href=\"https:\/\/litex.no\/finn-forhandler\"><svg xmlns=\"http:\/\/www.w3.org\/2000\/svg\" viewBox=\"0 0 24 24\" height=\"24\" width=\"24\" class=\"t2-icon t2-icon-search\" aria-hidden=\"true\" focusable=\"false\"><path fill=\"transparent\" stroke=\"currentColor\" stroke-linecap=\"round\" stroke-linejoin=\"round\" stroke-width=\"1.5\" d=\"M11 19a8 8 0 1 0 0-16 8 8 0 0 0 0 16ZM21 21l-4.35-4.35\"\/><\/svg>Finn forhandler<\/a><\/div>\n\n\n\n<div class=\"wp-block-button has-icon has-icon-mail\"><a class=\"wp-block-button__link wp-element-button\" href=\"https:\/\/litex.no\/kontakt-oss\/\"><svg xmlns=\"http:\/\/www.w3.org\/2000\/svg\" viewBox=\"0 0 24 24\" height=\"24\" width=\"24\" class=\"t2-icon t2-icon-mail\" aria-hidden=\"true\" focusable=\"false\"><path fill=\"currentColor\" fill-rule=\"evenodd\" d=\"M4 4.563c-.794 0-1.438.643-1.438 1.437v12c0 .794.644 1.438 1.438 1.438h16c.794 0 1.438-.644 1.438-1.438V6c0-.794-.644-1.438-1.438-1.438H4ZM1.437 6A2.562 2.562 0 0 1 4 3.437h16A2.563 2.563 0 0 1 22.563 6v12A2.563 2.563 0 0 1 20 20.563H4A2.563 2.563 0 0 1 1.437 18V6Z\" clip-rule=\"evenodd\"\/><path fill=\"currentColor\" fill-rule=\"evenodd\" d=\"M1.525 6.698a.563.563 0 0 1 .777-.173l8.968 5.7a1.377 1.377 0 0 0 1.46 0l.001-.002 8.967-5.698a.562.562 0 1 1 .604.95l-8.973 5.702a2.502 2.502 0 0 1-2.658 0l-.003-.002-8.97-5.7a.562.562 0 0 1-.173-.777Z\" clip-rule=\"evenodd\"\/><\/svg>Kom i kontakt<\/a><\/div>\n<\/div>\n\n\n\t\t\t\t<\/div>\n\t\t\t<\/div>\n\t\t\t<div class=\"dekode-lib__hero-lx--featured-image\"><\/div>\n\t\t\t<\/div>\n\t\t<\/div>\n\n\n<div class=\"wp-block-media-text alignwide is-stacked-on-mobile\" style=\"grid-template-columns:30% auto\"><figure class=\"wp-block-media-text__media\"><img loading=\"lazy\" decoding=\"async\" width=\"264\" height=\"148\" src=\"https:\/\/litex.no\/content\/uploads\/2026\/01\/Mesterhus.png\" alt=\"\" class=\"wp-image-1175 size-full\" \/><\/figure><div class=\"wp-block-media-text__content\">\n<h2 class=\"wp-block-heading\"><a href=\"http:\/\/www.mesterhus.no\/naermeste.ephtml\">Mesterhus<\/a><\/h2>\n\n\n\n<p>Mesterhus er en av Norges st\u00f8rste boligbyggere og best\u00e5r av lokale byggmestere med h\u00f8y fagkompetanse. De leverer boliger med fokus p\u00e5 godt h\u00e5ndverk, gjennomtenkte planl\u00f8sninger og trygg byggeprosess.<\/p>\n<\/div><\/div>\n\n\n\n<div class=\"wp-block-media-text alignwide is-stacked-on-mobile\" style=\"grid-template-columns:30% auto\"><figure class=\"wp-block-media-text__media\"><img loading=\"lazy\" decoding=\"async\" width=\"200\" height=\"112\" src=\"https:\/\/litex.no\/content\/uploads\/2026\/01\/blinkhus-patner-logo.png\" alt=\"\" class=\"wp-image-1171 size-full\" \/><\/figure><div class=\"wp-block-media-text__content\">\n<h2 class=\"wp-block-heading\"><a href=\"https:\/\/www.blink-hus.no\/forhandlere\">Blink Hus<\/a><\/h2>\n\n\n\n<p>Blink Hus utvikler boliger med fokus p\u00e5 arkitektur, bokvalitet og smarte l\u00f8sninger. Med lokal tilstedev\u00e6relse og solid bransjekunnskap leverer de hjem tilpasset b\u00e5de tomt, behov og omgivelser.<\/p>\n<\/div><\/div>\n\n\n\n<div class=\"wp-block-media-text alignwide is-stacked-on-mobile\" style=\"grid-template-columns:30% auto\"><figure class=\"wp-block-media-text__media\"><img loading=\"lazy\" decoding=\"async\" width=\"237\" height=\"134\" src=\"https:\/\/litex.no\/content\/uploads\/2026\/01\/vestlandshus-partner-logo.png\" alt=\"\" class=\"wp-image-1178 size-full\" \/><\/figure><div class=\"wp-block-media-text__content\">\n<h2 class=\"wp-block-heading\"><a href=\"https:\/\/www.vestlandshus.no\/bestill-huskatalog\/\">Vestlandshus<\/a><\/h2>\n\n\n\n<p>Vestlandshus har lang erfaring med \u00e5 utvikle boliger tilpasset norsk klima og terreng. Selskapet kombinerer solid h\u00e5ndverk med fleksible l\u00f8sninger, og er kjent for skreddersydde eneboliger med h\u00f8y kvalitet.<\/p>\n<\/div><\/div>\n\n\n\n<div class=\"wp-block-media-text alignwide is-stacked-on-mobile\" style=\"grid-template-columns:30% auto\"><figure class=\"wp-block-media-text__media\"><img loading=\"lazy\" decoding=\"async\" width=\"234\" height=\"132\" src=\"https:\/\/litex.no\/content\/uploads\/2026\/01\/systemhus-partner-logo.png\" alt=\"\" class=\"wp-image-1177 size-full\" \/><\/figure><div class=\"wp-block-media-text__content\">\n<h2 class=\"wp-block-heading\"><a href=\"http:\/\/www.systemhus.no\/systemhus-forhandlere\">Systemhus<\/a><\/h2>\n\n\n\n<p>Systemhus er en landsdekkende boligkjede som tilbyr moderne, funksjonelle boliger tilpasset ulike behov og livsfaser. Med fokus p\u00e5 kvalitet, energieffektive l\u00f8sninger og lokal forankring leverer Systemhus trygge boligprosjekter over hele landet.<\/p>\n<\/div><\/div>\n\n\n\n<div class=\"wp-block-media-text alignwide is-stacked-on-mobile\" style=\"grid-template-columns:30% auto\"><figure class=\"wp-block-media-text__media\"><img loading=\"lazy\" decoding=\"async\" width=\"294\" height=\"166\" src=\"https:\/\/litex.no\/content\/uploads\/2026\/01\/Nordbohus.jpg\" alt=\"\" class=\"wp-image-1176 size-full\" \/><\/figure><div class=\"wp-block-media-text__content\">\n<h2 class=\"wp-block-heading\"><a href=\"https:\/\/www.nordbohus.no\/\">Nordbohus<\/a><\/h2>\n\n\n\n<p>Nordbohus er en landsdekkende boligkjede med fokus p\u00e5 skredders\u00f8m og lokal byggeskikk. Med erfarne forhandlere tilbyr de boliger som kombinerer trygghet, kvalitet og gode l\u00f8sninger for norske forhold.<\/p>\n<\/div><\/div>\n\n\n\n<div class=\"wp-block-media-text alignwide is-stacked-on-mobile\" style=\"grid-template-columns:30% auto\"><figure class=\"wp-block-media-text__media\"><img loading=\"lazy\" decoding=\"async\" width=\"222\" height=\"124\" src=\"https:\/\/litex.no\/content\/uploads\/2026\/01\/byggmann-partner-logo.png\" alt=\"\" class=\"wp-image-1173 size-full\" \/><\/figure><div class=\"wp-block-media-text__content\">\n<h2 class=\"wp-block-heading\"><a href=\"http:\/\/www.byggmann.no\/forhandlere\/\">Byggmann<\/a><\/h2>\n\n\n\n<p>Byggmann tilbyr moderne boliger med vekt p\u00e5 kvalitet, effektivitet og forutsigbarhet. Gjennom lokale forhandlere leverer de b\u00e5de kataloghus og kundetilpassede l\u00f8sninger over store deler av Norge.<\/p>\n<\/div><\/div>\n\n\n\n<div class=\"wp-block-media-text alignwide is-stacked-on-mobile\" style=\"grid-template-columns:30% auto\"><figure class=\"wp-block-media-text__media\"><img loading=\"lazy\" decoding=\"async\" width=\"269\" height=\"152\" src=\"https:\/\/litex.no\/content\/uploads\/2026\/01\/Hellvikhus-partner-logo.png\" alt=\"\" class=\"wp-image-1174 size-full\" \/><\/figure><div class=\"wp-block-media-text__content\">\n<h2 class=\"wp-block-heading\"><a href=\"http:\/\/www.hellvikhus.no\/Forhandlere\/Alle\/\">Hellvik Hus<\/a><\/h2>\n\n\n\n<p>Hellvik Hus er kjent for energieffektive boliger med moderne design og h\u00f8y teknisk standard. Selskapet har et sterkt fokus p\u00e5 b\u00e6rekraft, kvalitet og l\u00f8sninger som gir gode og varige hjem.<\/p>\n<\/div><\/div>\n\n\n\n<div class=\"wp-block-media-text alignwide is-stacked-on-mobile\" style=\"grid-template-columns:30% auto\"><figure class=\"wp-block-media-text__media\"><img loading=\"lazy\" decoding=\"async\" width=\"300\" height=\"168\" src=\"https:\/\/litex.no\/content\/uploads\/2026\/01\/Byggkeramikk_logo-300x92-1.png\" alt=\"\" class=\"wp-image-1172 size-full\" \/><\/figure><div class=\"wp-block-media-text__content\">\n<h2 class=\"wp-block-heading\"><a href=\"https:\/\/www.byggkeramikkforeningen.no\/\">Norsk Byggkeramikkforening<\/a><\/h2>\n\n\n\n<p>Norsk Byggkeramikkforening er bransjeorganisasjonen for keramiske materialer i Norge. Foreningen arbeider for kvalitet, kompetanse og riktig bruk av keramiske produkter i byggebransjen.<\/p>\n<\/div><\/div>\n","protected":false},"excerpt":{"rendered":"<p>Mesterhus Mesterhus er en av Norges st\u00f8rste boligbyggere og best\u00e5r av lokale byggmestere med h\u00f8y fagkompetanse. De leverer boliger med fokus p\u00e5 godt h\u00e5ndverk, gjennomtenkte planl\u00f8sninger og trygg byggeprosess. Blink Hus Blink Hus utvikler boliger med fokus p\u00e5 arkitektur, bokvalitet og smarte l\u00f8sninger. Med lokal tilstedev\u00e6relse og solid bransjekunnskap leverer de hjem tilpasset b\u00e5de tomt, [&hellip;]<\/p>\n","protected":false},"author":1,"featured_media":1002,"parent":0,"menu_order":0,"comment_status":"closed","ping_status":"closed","template":"","meta":{"footnotes":""},"class_list":["post-19","page","type-page","status-publish","has-post-thumbnail","hentry"],"yoast_head":"<!-- This site is optimized with the Yoast SEO Premium plugin v26.2 (Yoast SEO v26.8) - https:\/\/yoast.com\/product\/yoast-seo-premium-wordpress\/ -->\n<title>Samarbeidspartnere - Litex English<\/title>\n<meta name=\"robots\" content=\"index, follow, max-snippet:-1, max-image-preview:large, max-video-preview:-1\" \/>\n<link rel=\"canonical\" href=\"https:\/\/litex.no\/en\/samarbeidspartnere\/\" \/>\n<meta property=\"og:locale\" content=\"nb_NO\" \/>\n<meta property=\"og:type\" content=\"article\" \/>\n<meta property=\"og:title\" content=\"Samarbeidspartnere\" \/>\n<meta property=\"og:description\" content=\"Mesterhus Mesterhus er en av Norges st\u00f8rste boligbyggere og best\u00e5r av lokale byggmestere med h\u00f8y fagkompetanse. De leverer boliger med fokus p\u00e5 godt h\u00e5ndverk, gjennomtenkte planl\u00f8sninger og trygg byggeprosess. Blink Hus Blink Hus utvikler boliger med fokus p\u00e5 arkitektur, bokvalitet og smarte l\u00f8sninger. Med lokal tilstedev\u00e6relse og solid bransjekunnskap leverer de hjem tilpasset b\u00e5de tomt, [&hellip;]\" \/>\n<meta property=\"og:url\" content=\"https:\/\/litex.no\/en\/samarbeidspartnere\/\" \/>\n<meta property=\"og:site_name\" content=\"Litex English\" \/>\n<meta property=\"article:modified_time\" content=\"2026-01-09T13:13:51+00:00\" \/>\n<meta property=\"og:image\" content=\"https:\/\/litex.no\/content\/uploads\/sites\/7\/2025\/11\/litex-tbboard-1.jpg\" \/>\n\t<meta property=\"og:image:width\" content=\"2000\" \/>\n\t<meta property=\"og:image:height\" content=\"1492\" \/>\n\t<meta property=\"og:image:type\" content=\"image\/jpeg\" \/>\n<meta name=\"twitter:card\" content=\"summary_large_image\" \/>\n<meta name=\"twitter:label1\" content=\"Ansl. lesetid\" \/>\n\t<meta name=\"twitter:data1\" content=\"4 minutter\" \/>\n<script type=\"application\/ld+json\" class=\"yoast-schema-graph\">{\"@context\":\"https:\/\/schema.org\",\"@graph\":[{\"@type\":\"WebPage\",\"@id\":\"https:\/\/litex.no\/en\/samarbeidspartnere\/\",\"url\":\"https:\/\/litex.no\/en\/samarbeidspartnere\/\",\"name\":\"Samarbeidspartnere - Litex English\",\"isPartOf\":{\"@id\":\"https:\/\/litex.no\/en\/#website\"},\"primaryImageOfPage\":{\"@id\":\"https:\/\/litex.no\/en\/samarbeidspartnere\/#primaryimage\"},\"image\":{\"@id\":\"https:\/\/litex.no\/en\/samarbeidspartnere\/#primaryimage\"},\"thumbnailUrl\":\"https:\/\/litex.no\/content\/uploads\/sites\/7\/2025\/11\/litex-tbboard-1.jpg\",\"datePublished\":\"2025-05-05T07:03:59+00:00\",\"dateModified\":\"2026-01-09T13:13:51+00:00\",\"breadcrumb\":{\"@id\":\"https:\/\/litex.no\/en\/samarbeidspartnere\/#breadcrumb\"},\"inLanguage\":\"nb-NO\",\"potentialAction\":[{\"@type\":\"ReadAction\",\"target\":[\"https:\/\/litex.no\/en\/samarbeidspartnere\/\"]}]},{\"@type\":\"ImageObject\",\"inLanguage\":\"nb-NO\",\"@id\":\"https:\/\/litex.no\/en\/samarbeidspartnere\/#primaryimage\",\"url\":\"https:\/\/litex.no\/content\/uploads\/sites\/7\/2025\/11\/litex-tbboard-1.jpg\",\"contentUrl\":\"https:\/\/litex.no\/content\/uploads\/sites\/7\/2025\/11\/litex-tbboard-1.jpg\",\"width\":2000,\"height\":1492},{\"@type\":\"BreadcrumbList\",\"@id\":\"https:\/\/litex.no\/en\/samarbeidspartnere\/#breadcrumb\",\"itemListElement\":[{\"@type\":\"ListItem\",\"position\":1,\"name\":\"Hjem\",\"item\":\"https:\/\/litex.no\/en\/\"},{\"@type\":\"ListItem\",\"position\":2,\"name\":\"Samarbeidspartnere\"}]},{\"@type\":\"WebSite\",\"@id\":\"https:\/\/litex.no\/en\/#website\",\"url\":\"https:\/\/litex.no\/en\/\",\"name\":\"Litex\",\"description\":\"Simply smarter\",\"publisher\":{\"@id\":\"https:\/\/litex.no\/en\/#organization\"},\"potentialAction\":[{\"@type\":\"SearchAction\",\"target\":{\"@type\":\"EntryPoint\",\"urlTemplate\":\"https:\/\/litex.no\/en\/?s={search_term_string}\"},\"query-input\":{\"@type\":\"PropertyValueSpecification\",\"valueRequired\":true,\"valueName\":\"search_term_string\"}}],\"inLanguage\":\"nb-NO\"},{\"@type\":\"Organization\",\"@id\":\"https:\/\/litex.no\/en\/#organization\",\"name\":\"Litex\",\"url\":\"https:\/\/litex.no\/en\/\",\"logo\":{\"@type\":\"ImageObject\",\"inLanguage\":\"nb-NO\",\"@id\":\"https:\/\/litex.no\/en\/#\/schema\/logo\/image\/\",\"url\":\"https:\/\/litex.no\/content\/uploads\/sites\/7\/2025\/05\/litex-logo.svg\",\"contentUrl\":\"https:\/\/litex.no\/content\/uploads\/sites\/7\/2025\/05\/litex-logo.svg\",\"caption\":\"Litex\"},\"image\":{\"@id\":\"https:\/\/litex.no\/en\/#\/schema\/logo\/image\/\"}}]}<\/script>\n<!-- \/ Yoast SEO Premium plugin. -->","yoast_head_json":{"title":"Samarbeidspartnere - Litex English","robots":{"index":"index","follow":"follow","max-snippet":"max-snippet:-1","max-image-preview":"max-image-preview:large","max-video-preview":"max-video-preview:-1"},"canonical":"https:\/\/litex.no\/en\/samarbeidspartnere\/","og_locale":"nb_NO","og_type":"article","og_title":"Samarbeidspartnere","og_description":"Mesterhus Mesterhus er en av Norges st\u00f8rste boligbyggere og best\u00e5r av lokale byggmestere med h\u00f8y fagkompetanse. De leverer boliger med fokus p\u00e5 godt h\u00e5ndverk, gjennomtenkte planl\u00f8sninger og trygg byggeprosess. Blink Hus Blink Hus utvikler boliger med fokus p\u00e5 arkitektur, bokvalitet og smarte l\u00f8sninger. Med lokal tilstedev\u00e6relse og solid bransjekunnskap leverer de hjem tilpasset b\u00e5de tomt, [&hellip;]","og_url":"https:\/\/litex.no\/en\/samarbeidspartnere\/","og_site_name":"Litex English","article_modified_time":"2026-01-09T13:13:51+00:00","og_image":[{"width":2000,"height":1492,"url":"https:\/\/litex.no\/content\/uploads\/sites\/7\/2025\/11\/litex-tbboard-1.jpg","type":"image\/jpeg"}],"twitter_card":"summary_large_image","twitter_misc":{"Ansl. lesetid":"4 minutter"},"schema":{"@context":"https:\/\/schema.org","@graph":[{"@type":"WebPage","@id":"https:\/\/litex.no\/en\/samarbeidspartnere\/","url":"https:\/\/litex.no\/en\/samarbeidspartnere\/","name":"Samarbeidspartnere - Litex English","isPartOf":{"@id":"https:\/\/litex.no\/en\/#website"},"primaryImageOfPage":{"@id":"https:\/\/litex.no\/en\/samarbeidspartnere\/#primaryimage"},"image":{"@id":"https:\/\/litex.no\/en\/samarbeidspartnere\/#primaryimage"},"thumbnailUrl":"https:\/\/litex.no\/content\/uploads\/sites\/7\/2025\/11\/litex-tbboard-1.jpg","datePublished":"2025-05-05T07:03:59+00:00","dateModified":"2026-01-09T13:13:51+00:00","breadcrumb":{"@id":"https:\/\/litex.no\/en\/samarbeidspartnere\/#breadcrumb"},"inLanguage":"nb-NO","potentialAction":[{"@type":"ReadAction","target":["https:\/\/litex.no\/en\/samarbeidspartnere\/"]}]},{"@type":"ImageObject","inLanguage":"nb-NO","@id":"https:\/\/litex.no\/en\/samarbeidspartnere\/#primaryimage","url":"https:\/\/litex.no\/content\/uploads\/sites\/7\/2025\/11\/litex-tbboard-1.jpg","contentUrl":"https:\/\/litex.no\/content\/uploads\/sites\/7\/2025\/11\/litex-tbboard-1.jpg","width":2000,"height":1492},{"@type":"BreadcrumbList","@id":"https:\/\/litex.no\/en\/samarbeidspartnere\/#breadcrumb","itemListElement":[{"@type":"ListItem","position":1,"name":"Hjem","item":"https:\/\/litex.no\/en\/"},{"@type":"ListItem","position":2,"name":"Samarbeidspartnere"}]},{"@type":"WebSite","@id":"https:\/\/litex.no\/en\/#website","url":"https:\/\/litex.no\/en\/","name":"Litex","description":"Simply smarter","publisher":{"@id":"https:\/\/litex.no\/en\/#organization"},"potentialAction":[{"@type":"SearchAction","target":{"@type":"EntryPoint","urlTemplate":"https:\/\/litex.no\/en\/?s={search_term_string}"},"query-input":{"@type":"PropertyValueSpecification","valueRequired":true,"valueName":"search_term_string"}}],"inLanguage":"nb-NO"},{"@type":"Organization","@id":"https:\/\/litex.no\/en\/#organization","name":"Litex","url":"https:\/\/litex.no\/en\/","logo":{"@type":"ImageObject","inLanguage":"nb-NO","@id":"https:\/\/litex.no\/en\/#\/schema\/logo\/image\/","url":"https:\/\/litex.no\/content\/uploads\/sites\/7\/2025\/05\/litex-logo.svg","contentUrl":"https:\/\/litex.no\/content\/uploads\/sites\/7\/2025\/05\/litex-logo.svg","caption":"Litex"},"image":{"@id":"https:\/\/litex.no\/en\/#\/schema\/logo\/image\/"}}]}},"_links":{"self":[{"href":"https:\/\/litex.no\/en\/wp-json\/wp\/v2\/pages\/19","targetHints":{"allow":["GET"]}}],"collection":[{"href":"https:\/\/litex.no\/en\/wp-json\/wp\/v2\/pages"}],"about":[{"href":"https:\/\/litex.no\/en\/wp-json\/wp\/v2\/types\/page"}],"author":[{"embeddable":true,"href":"https:\/\/litex.no\/en\/wp-json\/wp\/v2\/users\/1"}],"replies":[{"embeddable":true,"href":"https:\/\/litex.no\/en\/wp-json\/wp\/v2\/comments?post=19"}],"version-history":[{"count":5,"href":"https:\/\/litex.no\/en\/wp-json\/wp\/v2\/pages\/19\/revisions"}],"predecessor-version":[{"id":1249,"href":"https:\/\/litex.no\/en\/wp-json\/wp\/v2\/pages\/19\/revisions\/1249"}],"wp:featuredmedia":[{"embeddable":true,"href":"https:\/\/litex.no\/en\/wp-json\/wp\/v2\/media\/1002"}],"wp:attachment":[{"href":"https:\/\/litex.no\/en\/wp-json\/wp\/v2\/media?parent=19"}],"curies":[{"name":"wp","href":"https:\/\/api.w.org\/{rel}","templated":true}]}}